{"id":569,"date":"2021-05-06T15:13:18","date_gmt":"2021-05-06T14:13:18","guid":{"rendered":"http:\/\/178.62.210.181\/?page_id=569"},"modified":"2022-08-05T15:49:31","modified_gmt":"2022-08-05T14:49:31","slug":"qui-sommes-nous","status":"publish","type":"page","link":"https:\/\/faaircraftsales.com\/fr\/","title":{"rendered":"Qui sommes-nous"},"content":{"rendered":"\n<p>FA Aircraft Sales &amp; Acquisitions est sp\u00e9cialis\u00e9e dans la vente et l\u2019acquisition d\u2019a\u00e9ronefs priv\u00e9s et d\u2019entreprise. L\u2019achat ou la vente d\u2019un avion est un processus tr\u00e8s d\u00e9taill\u00e9 et intimidant.<\/p>\n\n\n\n<p>FA Aircraft Sales &amp; Acquisitions a donc rassembl\u00e9 une \u00e9quipe avec l\u2019exp\u00e9rience et les capacit\u00e9s pour rationaliser tout ce processus. Avec notre \u00e9quipe, nous r\u00e9duisons le stress li\u00e9 \u00e0 <a href=\"https:\/\/faaircraftsales.com\/fr\/avion-a-vendre\/\" target=\"_blank\" rel=\"noreferrer noopener\">la vente d\u2019un avion<\/a> d&#8217;occasion en g\u00e9rant l\u2019ensemble de son processus de vente : depuis sa tarification et sa publicit\u00e9 jusqu\u2019\u00e0 la n\u00e9gociation des contrats d\u2019achat et la fermeture de l&#8217;op\u00e9ration.<\/p>\n\n\n\n<p>Gr\u00e2ce \u00e0 <a href=\"https:\/\/faaircraftsales.com\/fr\/acquisitions\/\" target=\"_blank\" rel=\"noreferrer noopener\">nos services d\u2019acquisition<\/a>, nous aidons ceux qui cherchent \u00e0 acheter ou \u00e0 mettre \u00e0 niveau un a\u00e9ronef, nous identifions la bonne marque et le bon mod\u00e8le qui correspond \u00e0 votre mission.<\/p>\n\n\n\n<p>Si vous souhaitez vendre ou acqu\u00e9rir un avion, l\u2019\u00e9quipe exp\u00e9riment\u00e9e de FA Aircraft Sales &amp; Acquisitions travaillera avec vous pour que vous soyez notre priorit\u00e9 absolue !<\/p>\n\n\n\n<p>Si vous avez d\u2019autres questions, n\u2019h\u00e9sitez pas \u00e0 nous contacter \u00e0 l\u2019adresse <a href=\"mailto:sales@faaircraftsales.com\">sales@faaircraftsales.com<\/a>&nbsp;ou \u00e0 nous appeler au +32 (0) 3500 9082 ou au +31 (0)15 820 0999<\/p>\n","protected":false},"excerpt":{"rendered":"<p>FA Aircraft Sales &amp; Acquisitions est sp\u00e9cialis\u00e9e dans la vente et l\u2019acquisition d\u2019a\u00e9ronefs priv\u00e9s et d\u2019entreprise. L\u2019achat ou la vente d\u2019un avion est un processus tr\u00e8s d\u00e9taill\u00e9 et intimidant. FA Aircraft Sales &amp; Acquisitions a donc rassembl\u00e9 une \u00e9quipe avec l\u2019exp\u00e9rience et les capacit\u00e9s pour rationaliser tout ce processus. Avec notre \u00e9quipe, nous r\u00e9duisons le &hellip; <a href=\"https:\/\/faaircraftsales.com\/fr\/\">Continued<\/a><\/p>\n","protected":false},"author":1,"featured_media":19137,"parent":0,"menu_order":0,"comment_status":"closed","ping_status":"closed","template":"template-as-about-us.php","meta":{"_acf_changed":false,"footnotes":""},"class_list":["post-569","page","type-page","status-publish","has-post-thumbnail","hentry"],"acf":[],"yoast_head":"<!-- This site is optimized with the Yoast SEO plugin v27.6 - https:\/\/yoast.com\/product\/yoast-seo-wordpress\/ -->\n<title>Qui sommes-nous - Fly Aeolus<\/title>\n<meta name=\"description\" content=\"D\u00e9couvrez tout ce que vous devez savoir sur nous : FA Aircraft Sales and Acquisitions, sp\u00e9cialis\u00e9 dans la vente et l&#039;achat d&#039;avion.\" \/>\n<meta name=\"robots\" content=\"index, follow, max-snippet:-1, max-image-preview:large, max-video-preview:-1\" \/>\n<link rel=\"canonical\" href=\"https:\/\/faaircraftsales.com\/fr\/\" \/>\n<meta property=\"og:locale\" content=\"fr_FR\" \/>\n<meta property=\"og:type\" content=\"article\" \/>\n<meta property=\"og:title\" content=\"Qui sommes-nous - Fly Aeolus\" \/>\n<meta property=\"og:description\" content=\"D\u00e9couvrez tout ce que vous devez savoir sur nous : FA Aircraft Sales and Acquisitions, sp\u00e9cialis\u00e9 dans la vente et l&#039;achat d&#039;avion.\" \/>\n<meta property=\"og:url\" content=\"https:\/\/faaircraftsales.com\/fr\/\" \/>\n<meta property=\"og:site_name\" content=\"Fly Aeolus\" \/>\n<meta property=\"article:modified_time\" content=\"2022-08-05T14:49:31+00:00\" \/>\n<meta property=\"og:image\" content=\"https:\/\/faaircraftsales.com\/wp-content\/uploads\/2021\/05\/Aircraft-Sales-8-1-e1620678028186.jpg\" \/>\n\t<meta property=\"og:image:width\" content=\"1500\" \/>\n\t<meta property=\"og:image:height\" content=\"1125\" \/>\n\t<meta property=\"og:image:type\" content=\"image\/jpeg\" \/>\n<meta name=\"twitter:card\" content=\"summary_large_image\" \/>\n<meta name=\"twitter:label1\" content=\"Est. reading time\" \/>\n\t<meta name=\"twitter:data1\" content=\"1 minute\" \/>\n<script type=\"application\/ld+json\" class=\"yoast-schema-graph\">{\"@context\":\"https:\\\/\\\/schema.org\",\"@graph\":[{\"@type\":\"WebPage\",\"@id\":\"https:\\\/\\\/faaircraftsales.com\\\/fr\\\/\",\"url\":\"https:\\\/\\\/faaircraftsales.com\\\/fr\\\/\",\"name\":\"Qui sommes-nous - Fly Aeolus\",\"isPartOf\":{\"@id\":\"https:\\\/\\\/faaircraftsales.com\\\/#website\"},\"primaryImageOfPage\":{\"@id\":\"https:\\\/\\\/faaircraftsales.com\\\/fr\\\/#primaryimage\"},\"image\":{\"@id\":\"https:\\\/\\\/faaircraftsales.com\\\/fr\\\/#primaryimage\"},\"thumbnailUrl\":\"https:\\\/\\\/faaircraftsales.com\\\/wp-content\\\/uploads\\\/2021\\\/05\\\/Aircraft-Sales-8-1-e1620678028186.jpg\",\"datePublished\":\"2021-05-06T14:13:18+00:00\",\"dateModified\":\"2022-08-05T14:49:31+00:00\",\"description\":\"D\u00e9couvrez tout ce que vous devez savoir sur nous : FA Aircraft Sales and Acquisitions, sp\u00e9cialis\u00e9 dans la vente et l'achat d'avion.\",\"breadcrumb\":{\"@id\":\"https:\\\/\\\/faaircraftsales.com\\\/fr\\\/#breadcrumb\"},\"inLanguage\":\"fr-FR\",\"potentialAction\":[{\"@type\":\"ReadAction\",\"target\":[\"https:\\\/\\\/faaircraftsales.com\\\/fr\\\/\"]}]},{\"@type\":\"ImageObject\",\"inLanguage\":\"fr-FR\",\"@id\":\"https:\\\/\\\/faaircraftsales.com\\\/fr\\\/#primaryimage\",\"url\":\"https:\\\/\\\/faaircraftsales.com\\\/wp-content\\\/uploads\\\/2021\\\/05\\\/Aircraft-Sales-8-1-e1620678028186.jpg\",\"contentUrl\":\"https:\\\/\\\/faaircraftsales.com\\\/wp-content\\\/uploads\\\/2021\\\/05\\\/Aircraft-Sales-8-1-e1620678028186.jpg\",\"width\":1500,\"height\":1125,\"caption\":\"VIRGO\"},{\"@type\":\"BreadcrumbList\",\"@id\":\"https:\\\/\\\/faaircraftsales.com\\\/fr\\\/#breadcrumb\",\"itemListElement\":[{\"@type\":\"ListItem\",\"position\":1,\"name\":\"Home\",\"item\":\"https:\\\/\\\/faaircraftsales.com\\\/fr\\\/\"},{\"@type\":\"ListItem\",\"position\":2,\"name\":\"Qui sommes-nous\"}]},{\"@type\":\"WebSite\",\"@id\":\"https:\\\/\\\/faaircraftsales.com\\\/#website\",\"url\":\"https:\\\/\\\/faaircraftsales.com\\\/\",\"name\":\"Fly Aeolus\",\"description\":\"\",\"potentialAction\":[{\"@type\":\"SearchAction\",\"target\":{\"@type\":\"EntryPoint\",\"urlTemplate\":\"https:\\\/\\\/faaircraftsales.com\\\/?s={search_term_string}\"},\"query-input\":{\"@type\":\"PropertyValueSpecification\",\"valueRequired\":true,\"valueName\":\"search_term_string\"}}],\"inLanguage\":\"fr-FR\"}]}<\/script>\n<!-- \/ Yoast SEO plugin. -->","yoast_head_json":{"title":"Qui sommes-nous - Fly Aeolus","description":"D\u00e9couvrez tout ce que vous devez savoir sur nous : FA Aircraft Sales and Acquisitions, sp\u00e9cialis\u00e9 dans la vente et l'achat d'avion.","robots":{"index":"index","follow":"follow","max-snippet":"max-snippet:-1","max-image-preview":"max-image-preview:large","max-video-preview":"max-video-preview:-1"},"canonical":"https:\/\/faaircraftsales.com\/fr\/","og_locale":"fr_FR","og_type":"article","og_title":"Qui sommes-nous - Fly Aeolus","og_description":"D\u00e9couvrez tout ce que vous devez savoir sur nous : FA Aircraft Sales and Acquisitions, sp\u00e9cialis\u00e9 dans la vente et l'achat d'avion.","og_url":"https:\/\/faaircraftsales.com\/fr\/","og_site_name":"Fly Aeolus","article_modified_time":"2022-08-05T14:49:31+00:00","og_image":[{"width":1500,"height":1125,"url":"https:\/\/faaircraftsales.com\/wp-content\/uploads\/2021\/05\/Aircraft-Sales-8-1-e1620678028186.jpg","type":"image\/jpeg"}],"twitter_card":"summary_large_image","twitter_misc":{"Est. reading time":"1 minute"},"schema":{"@context":"https:\/\/schema.org","@graph":[{"@type":"WebPage","@id":"https:\/\/faaircraftsales.com\/fr\/","url":"https:\/\/faaircraftsales.com\/fr\/","name":"Qui sommes-nous - Fly Aeolus","isPartOf":{"@id":"https:\/\/faaircraftsales.com\/#website"},"primaryImageOfPage":{"@id":"https:\/\/faaircraftsales.com\/fr\/#primaryimage"},"image":{"@id":"https:\/\/faaircraftsales.com\/fr\/#primaryimage"},"thumbnailUrl":"https:\/\/faaircraftsales.com\/wp-content\/uploads\/2021\/05\/Aircraft-Sales-8-1-e1620678028186.jpg","datePublished":"2021-05-06T14:13:18+00:00","dateModified":"2022-08-05T14:49:31+00:00","description":"D\u00e9couvrez tout ce que vous devez savoir sur nous : FA Aircraft Sales and Acquisitions, sp\u00e9cialis\u00e9 dans la vente et l'achat d'avion.","breadcrumb":{"@id":"https:\/\/faaircraftsales.com\/fr\/#breadcrumb"},"inLanguage":"fr-FR","potentialAction":[{"@type":"ReadAction","target":["https:\/\/faaircraftsales.com\/fr\/"]}]},{"@type":"ImageObject","inLanguage":"fr-FR","@id":"https:\/\/faaircraftsales.com\/fr\/#primaryimage","url":"https:\/\/faaircraftsales.com\/wp-content\/uploads\/2021\/05\/Aircraft-Sales-8-1-e1620678028186.jpg","contentUrl":"https:\/\/faaircraftsales.com\/wp-content\/uploads\/2021\/05\/Aircraft-Sales-8-1-e1620678028186.jpg","width":1500,"height":1125,"caption":"VIRGO"},{"@type":"BreadcrumbList","@id":"https:\/\/faaircraftsales.com\/fr\/#breadcrumb","itemListElement":[{"@type":"ListItem","position":1,"name":"Home","item":"https:\/\/faaircraftsales.com\/fr\/"},{"@type":"ListItem","position":2,"name":"Qui sommes-nous"}]},{"@type":"WebSite","@id":"https:\/\/faaircraftsales.com\/#website","url":"https:\/\/faaircraftsales.com\/","name":"Fly Aeolus","description":"","potentialAction":[{"@type":"SearchAction","target":{"@type":"EntryPoint","urlTemplate":"https:\/\/faaircraftsales.com\/?s={search_term_string}"},"query-input":{"@type":"PropertyValueSpecification","valueRequired":true,"valueName":"search_term_string"}}],"inLanguage":"fr-FR"}]}},"_links":{"self":[{"href":"https:\/\/faaircraftsales.com\/fr\/wp-json\/wp\/v2\/pages\/569","targetHints":{"allow":["GET"]}}],"collection":[{"href":"https:\/\/faaircraftsales.com\/fr\/wp-json\/wp\/v2\/pages"}],"about":[{"href":"https:\/\/faaircraftsales.com\/fr\/wp-json\/wp\/v2\/types\/page"}],"author":[{"embeddable":true,"href":"https:\/\/faaircraftsales.com\/fr\/wp-json\/wp\/v2\/users\/1"}],"replies":[{"embeddable":true,"href":"https:\/\/faaircraftsales.com\/fr\/wp-json\/wp\/v2\/comments?post=569"}],"version-history":[{"count":0,"href":"https:\/\/faaircraftsales.com\/fr\/wp-json\/wp\/v2\/pages\/569\/revisions"}],"wp:featuredmedia":[{"embeddable":true,"href":"https:\/\/faaircraftsales.com\/fr\/wp-json\/wp\/v2\/media\/19137"}],"wp:attachment":[{"href":"https:\/\/faaircraftsales.com\/fr\/wp-json\/wp\/v2\/media?parent=569"}],"curies":[{"name":"wp","href":"https:\/\/api.w.org\/{rel}","templated":true}]}}