{"id":232,"date":"2020-02-28T00:00:00","date_gmt":"2020-02-27T23:00:00","guid":{"rendered":"http:\/\/178.62.210.181\/ferry-vol-de-livraison\/"},"modified":"2025-03-13T16:05:21","modified_gmt":"2025-03-13T15:05:21","slug":"ferry-vol-de-livraison","status":"publish","type":"page","link":"https:\/\/faaircraftsales.com\/fr\/ferry-vol-de-livraison\/","title":{"rendered":"Ferry \/ Vol de livraison"},"content":{"rendered":"\n<p>Lorsque vous achetez ou vendez un avion, l&#8217;un des aspects les plus cruciaux du processus est le vol de transfert. Un vol de transfert n&#8217;est pas un vol ordinaire, c&#8217;est une \u00e9tape logistique vitale qui garantit le transport s\u00e9curis\u00e9 d&#8217;un avion du vendeur \u00e0 l&#8217;acheteur, souvent sur de longues distances et dans des conditions difficiles. Nous expliquons ce que sont les vols de transfert, pourquoi ils sont importants et comment une planification soign\u00e9e peut garantir une livraison d&#8217;avion r\u00e9ussie et sans accroc.<\/p>\n\n\n\n<h2 class=\"wp-block-heading\">Qu&#8217;est-ce qu&#8217;un vol de transfert ?<\/h2>\n\n\n\n<p>Les vols de transfert sont des vols non commerciaux principalement effectu\u00e9s pour livrer un avion d&#8217;un endroit \u00e0 un autre, g\u00e9n\u00e9ralement du vendeur ou de <a href=\"https:\/\/faaircraftsales.com\/fr\/inspection-prealable-a-lachat\/\">l&#8217;installation de pr\u00e9-achat<\/a> au nouveau propri\u00e9taire. Contrairement aux vols commerciaux qui transportent des passagers et du fret, les vols de transfert concernent uniquement l&#8217;avion transport\u00e9 et l&#8217;\u00e9quipage n\u00e9cessaire \u00e0 son exploitation. La distinction principale est que les vols de transfert ne sont pas destin\u00e9s \u00e0 g\u00e9n\u00e9rer des revenus \u2014 il n&#8217;y a pas de passagers ou de fret payant pour le vol. Au lieu de cela, le co\u00fbt du vol de transfert est g\u00e9n\u00e9ralement couvert par le vendeur ou parfois l&#8217;acheteur, en fonction des termes du contrat de vente.<\/p>\n\n\n\n<p>Ces vols sont n\u00e9cessaires lorsqu&#8217;un avion a \u00e9t\u00e9 vendu et doit \u00eatre d\u00e9plac\u00e9 vers l&#8217;emplacement de l&#8217;acheteur. Le trajet peut inclure plusieurs escales et se faire sur plusieurs jours ou semaines, en fonction de la distance et des besoins sp\u00e9cifiques de l&#8217;avion. La destination peut \u00eatre un a\u00e9roport proche de l&#8217;emplacement de l&#8217;acheteur ou une installation qui g\u00e8re les livraisons d&#8217;avions.<\/p>\n\n\n\n<h2 class=\"wp-block-heading\">Pourquoi les vols de transfert sont-ils si importants ?<\/h2>\n\n\n\n<p>Les vols de transfert jouent un r\u00f4le essentiel dans le processus de vente d&#8217;un avion, garantissant que l&#8217;avion parvienne \u00e0 son nouveau propri\u00e9taire de mani\u00e8re s\u00fbre et efficace. Voici pourquoi ils sont si importants :<\/p>\n\n\n\n<h4 class=\"wp-block-heading\">Conformit\u00e9 l\u00e9gale et r\u00e9glementaire<\/h4>\n\n\n\n<p>Lors du transport d&#8217;avions \u00e0 l&#8217;international, il peut y avoir des exigences l\u00e9gales, telles que le d\u00e9douanement et les formalit\u00e9s <a href=\"https:\/\/faaircraftsales.com\/fr\/avion-import-export\/\">d&#8217;importation\/exportation<\/a>. Une planification appropri\u00e9e des vols de transfert aide \u00e0 garantir que tous les documents n\u00e9cessaires et les proc\u00e9dures soient en place, \u00e9vitant ainsi des retards ou des complications juridiques.<\/p>\n\n\n\n<h4 class=\"wp-block-heading\">Garantir la livraison de l&#8217;avion<\/h4>\n\n\n\n<p>La raison la plus \u00e9vidente des vols de transfert est la livraison de l&#8217;avion lui-m\u00eame. Que l&#8217;acheteur soit situ\u00e9 de l&#8217;autre c\u00f4t\u00e9 du pays ou de l&#8217;autre c\u00f4t\u00e9 du monde, les vols de transfert permettent de transporter l&#8217;avion de mani\u00e8re efficace.<\/p>\n\n\n\n<h4 class=\"wp-block-heading\">Minimiser le temps d&#8217;indisponibilit\u00e9 de l&#8217;avion<br><\/h4>\n\n\n\n<p>Une fois qu&#8217;un avion est vendu, son propri\u00e9taire pr\u00e9c\u00e9dent souhaite souvent le lib\u00e9rer de son installation. Une planification appropri\u00e9e des vols de transfert garantit que l&#8217;avion peut \u00eatre d\u00e9plac\u00e9 rapidement et sans retard inutile, minimisant ainsi le temps o\u00f9 l&#8217;avion est hors service.<\/p>\n\n\n\n<h4 class=\"wp-block-heading\">Adapt\u00e9 aux besoins sp\u00e9cifiques de l&#8217;avion<br><\/h4>\n\n\n\n<p>Contrairement aux vols commerciaux r\u00e9guliers, les vols de transfert sont sp\u00e9cifiquement adapt\u00e9s \u00e0 l&#8217;avion transport\u00e9. Cela signifie que l&#8217;itin\u00e9raire, la planification et la s\u00e9lection de l&#8217;\u00e9quipage sont tous optimis\u00e9s en fonction des sp\u00e9cifications uniques, de l&#8217;autonomie et des besoins op\u00e9rationnels de l&#8217;avion.<\/p>\n\n\n\n<figure class=\"wp-block-image size-large\"><img loading=\"lazy\" decoding=\"async\" width=\"1024\" height=\"527\" src=\"https:\/\/faaircraftsales.com\/wp-content\/uploads\/2024\/06\/Ferry-Flight-Flight-Planning-1024x527.png\" alt=\"Ferry Flight Flight Planning\" class=\"wp-image-21647\" srcset=\"https:\/\/faaircraftsales.com\/wp-content\/uploads\/2024\/06\/Ferry-Flight-Flight-Planning-1024x527.png 1024w, https:\/\/faaircraftsales.com\/wp-content\/uploads\/2024\/06\/Ferry-Flight-Flight-Planning-300x154.png 300w, https:\/\/faaircraftsales.com\/wp-content\/uploads\/2024\/06\/Ferry-Flight-Flight-Planning-768x395.png 768w, https:\/\/faaircraftsales.com\/wp-content\/uploads\/2024\/06\/Ferry-Flight-Flight-Planning-1536x790.png 1536w, https:\/\/faaircraftsales.com\/wp-content\/uploads\/2024\/06\/Ferry-Flight-Flight-Planning.png 1555w\" sizes=\"auto, (max-width: 1024px) 100vw, 1024px\" \/><\/figure>\n\n\n\n<h2 class=\"wp-block-heading\">Consid\u00e9rations essentielles pour des vols de transfert r\u00e9ussis<\/h2>\n\n\n\n<p>La planification d&#8217;un vol de transfert n\u00e9cessite une attention minutieuse aux d\u00e9tails pour garantir un voyage fluide et r\u00e9ussi. Plusieurs facteurs doivent \u00eatre soigneusement pris en compte :<\/p>\n\n\n\n<h4 class=\"wp-block-heading\">Autonomie et besoins en carburant de l&#8217;avion<\/h4>\n\n\n\n<p>De nombreux avions ne sont pas capables de voler sans escale sur de longues distances en raison de leurs limitations d&#8217;autonomie. Par cons\u00e9quent, les vols de transfert impliquent g\u00e9n\u00e9ralement plusieurs arr\u00eats pour ravitaillement dans diff\u00e9rents a\u00e9roports. Le nombre exact d&#8217;escales d\u00e9pend de la capacit\u00e9 en carburant de l&#8217;avion et de la distance entre les points de ravitaillement. Lors de la planification d&#8217;un vol de transfert, l&#8217;\u00e9quipage de vol doit calculer le meilleur itin\u00e9raire pour s&#8217;assurer que les arr\u00eats pour le carburant sont programm\u00e9s dans des a\u00e9roports disposant de r\u00e9serves de carburant ad\u00e9quates et de toutes les installations n\u00e9cessaires.<\/p>\n\n\n\n<h4 class=\"wp-block-heading\">D\u00e9fis g\u00e9ographiques et d&#8217;infrastructure<br><\/h4>\n\n\n\n<p>Les vols de transfert impliquent souvent des r\u00e9gions \u00e9loign\u00e9es avec une infrastructure a\u00e9roportuaire limit\u00e9e. Par exemple, les \u00eeles ou les r\u00e9gions avec moins d&#8217;a\u00e9roports d\u00e9velopp\u00e9s peuvent poser des d\u00e9fis pour le ravitaillement et les atterrissages d&#8217;urgence. Les planificateurs de vol doivent s&#8217;assurer que l&#8217;itin\u00e9raire s\u00e9lectionn\u00e9 comprend des a\u00e9roports capables de g\u00e9rer la taille de l&#8217;avion et ses besoins en ravitaillement, tout en r\u00e9pondant aux besoins de l&#8217;\u00e9quipage. Cela est particuli\u00e8rement important pour les avions de grande taille ou sp\u00e9cialis\u00e9s.<\/p>\n\n\n\n<h4 class=\"wp-block-heading\">Planification m\u00e9t\u00e9orologique et gestion des risques<br><\/h4>\n\n\n\n<p>Les conditions m\u00e9t\u00e9orologiques peuvent affecter consid\u00e9rablement la s\u00e9curit\u00e9 et l&#8217;efficacit\u00e9 des vols de transfert. Les pilotes doivent pr\u00e9voir des risques m\u00e9t\u00e9orologiques tels que des temp\u00eates, des vents forts ou une mauvaise visibilit\u00e9. Par exemple, les vols de transfert traversant l&#8217;Islande et le Groenland vers l&#8217;ouest ou les r\u00e9gions tropicales vers l&#8217;est doivent \u00eatre planifi\u00e9s en tenant compte des conditions m\u00e9t\u00e9orologiques. Les outils de suivi m\u00e9t\u00e9orologique en temps r\u00e9el sont essentiels pour adapter le plan de vol \u00e0 mesure que les conditions changent, assurant ainsi un voyage s\u00fbr et minimisant les retards.<\/p>\n\n\n\n<h4 class=\"wp-block-heading\">Proc\u00e9dures douani\u00e8res et d&#8217;importation\/exportation<br><\/h4>\n\n\n\n<p>Lorsqu&#8217;un vol de transfert implique un voyage international, les proc\u00e9dures <a href=\"https:\/\/faaircraftsales.com\/fr\/avion-import-export\/\">d&#8217;importation<\/a> et <a href=\"https:\/\/faaircraftsales.com\/fr\/avion-import-export\/\">d&#8217;exportation<\/a> n\u00e9cessaires doivent \u00eatre trait\u00e9es \u00e0 l&#8217;avance pour garantir des transitions fluides \u00e0 travers les fronti\u00e8res. Cela peut inclure le d\u00e9douanement, la documentation d&#8217;exportation et la conformit\u00e9 avec les autorit\u00e9s de l&#8217;aviation des pays concern\u00e9s. En rationalisant ces processus \u00e0 l&#8217;avance, les retards sont r\u00e9duits et le vol de transfert peut se d\u00e9rouler sans accroc.<\/p>\n\n\n\n<h4 class=\"wp-block-heading\">Maintenance de l&#8217;avion et inspections avant vol<\/h4>\n\n\n\n<p>Avant d&#8217;entreprendre un vol de transfert, il est essentiel de r\u00e9aliser des inspections compl\u00e8tes et des v\u00e9rifications de maintenance. Cela garantit que l&#8217;avion est en \u00e9tat optimal pour le voyage et peut supporter les rigueurs d&#8217;un vol longue distance. Cela inclut la v\u00e9rification des syst\u00e8mes de carburant, des moteurs et des \u00e9quipements avioniques, ainsi que la garantie que toutes les pi\u00e8ces de rechange ou \u00e9quipements d&#8217;urgence n\u00e9cessaires sont \u00e0 bord.<\/p>\n\n\n\n<h2 class=\"wp-block-heading\">Combien de temps dure un vol de transfert ?<\/h2>\n\n\n\n<p>La dur\u00e9e d&#8217;un vol de transfert d\u00e9pend de plusieurs facteurs, notamment la distance \u00e0 parcourir, l&#8217;autonomie de l&#8217;avion, les conditions m\u00e9t\u00e9orologiques et le nombre d&#8217;escales pr\u00e9vues. Un vol de transfert court peut ne durer que quelques heures, tandis qu&#8217;un vol longue distance peut durer plusieurs jours, voire des semaines. Par exemple, le transport d&#8217;un avion des \u00c9tats-Unis vers l&#8217;Europe peut impliquer plusieurs arr\u00eats pour le ravitaillement et le repos, tandis qu&#8217;un vol int\u00e9rieur dans un grand pays peut \u00eatre effectu\u00e9 en quelques heures.<\/p>\n\n\n\n<h2 class=\"wp-block-heading\">Comment suivre votre vol de transfert ?<\/h2>\n\n\n\n<p>L&#8217;un des aspects les plus rassurants des vols de transfert modernes est la possibilit\u00e9 de suivre l&#8217;avion en temps r\u00e9el. Nous offrons un logiciel de suivi qui vous permet de suivre l&#8217;avancement du vol \u00e0 tout moment pendant le trajet. Cela offre une tranquillit\u00e9 d&#8217;esprit aux acheteurs et aux vendeurs, car ils peuvent suivre la position de l&#8217;avion et recevoir des mises \u00e0 jour sur d&#8217;\u00e9ventuels retards ou changements de plan de vol.<\/p>\n\n\n\n<h4 class=\"wp-block-heading\">Syst\u00e8mes de suivi en direct<br><\/h4>\n\n\n\n<p>Gr\u00e2ce \u00e0 des syst\u00e8mes de suivi par satellite avanc\u00e9s, vous pouvez voir la position de votre avion sur une carte interactive. Cette technologie est particuli\u00e8rement utile lorsque l&#8217;avion vole \u00e0 travers des espaces a\u00e9riens \u00e9loign\u00e9s ou internationaux, permettant \u00e0 la fois au propri\u00e9taire de l&#8217;avion et \u00e0 l&#8217;op\u00e9rateur du vol de transfert de suivre de pr\u00e8s les progr\u00e8s.<\/p>\n\n\n\n<h4 class=\"wp-block-heading\">Mises \u00e0 jour de communication<br><\/h4>\n\n\n\n<p>Tout au long du trajet, l&#8217;\u00e9quipage du vol de transfert peut fournir des mises \u00e0 jour r\u00e9guli\u00e8res par email ou SMS, garantissant que vous \u00eates toujours inform\u00e9 de l&#8217;\u00e9tat de la livraison.<\/p>\n\n\n\n<h2 class=\"wp-block-heading\">Choisissez FA Aircraft Sales pour votre support de vol de transfert<\/h2>\n\n\n\n<p>Lorsque vous avez besoin d&#8217;un partenaire fiable pour les services de ferry flight,&nbsp;FA Aircraft Sales&nbsp;est le choix id\u00e9al. Avec des ann\u00e9es d&#8217;exp\u00e9rience dans l&#8217;industrie de l&#8217;aviation, nous nous sp\u00e9cialisons dans l&#8217;offre d&#8217;un soutien complet pour les vols de transfert, de la planification des itin\u00e9raires au suivi en temps r\u00e9el. Notre expertise en mati\u00e8re de r\u00e9glementation internationale, de douanes et de proc\u00e9dures d&#8217;importation\/exportation garantit un processus de livraison fluide et sans tracas.<\/p>\n\n\n\n<p>Nous comprenons que chaque vol de transfert est unique, c&#8217;est pourquoi nous adaptons nos services pour r\u00e9pondre aux besoins sp\u00e9cifiques de votre avion. Que ce soit un avion \u00e0 un moteur, un petit jet priv\u00e9 ou un gros avion de ligne, nous fournissons un \u00e9quipage exp\u00e9riment\u00e9 pour tous les types d&#8217;avions, assurant un transport s\u00fbr et efficace. Notre \u00e9quipe se consacre \u00e0 la livraison de votre avion \u00e0 temps et sans complications, quelle que soit la destination.<\/p>\n\n\n\n<p>Contactez-nous \u00e0&nbsp;<a href=\"mailto:sales@faaircraftsales.com\">sales@faaircraftsales.com<\/a>&nbsp;pour plus d&#8217;informations ou pour commencer \u00e0 planifier votre vol de transfert.<\/p>\n","protected":false},"excerpt":{"rendered":"<p>Lorsque vous achetez ou vendez un avion, l&#8217;un des aspects les plus cruciaux du processus est le vol de transfert. Un vol de transfert n&#8217;est pas un vol ordinaire, c&#8217;est une \u00e9tape logistique vitale qui garantit le transport s\u00e9curis\u00e9 d&#8217;un avion du vendeur \u00e0 l&#8217;acheteur, souvent sur de longues distances et dans des conditions difficiles. &hellip; <a href=\"https:\/\/faaircraftsales.com\/fr\/ferry-vol-de-livraison\/\">Continued<\/a><\/p>\n","protected":false},"author":1,"featured_media":19960,"parent":0,"menu_order":0,"comment_status":"open","ping_status":"closed","template":"template-as-ferry-flights.php","meta":{"_acf_changed":false,"footnotes":""},"class_list":["post-232","page","type-page","status-publish","has-post-thumbnail","hentry"],"acf":[],"yoast_head":"<!-- This site is optimized with the Yoast SEO plugin v27.4 - https:\/\/yoast.com\/product\/yoast-seo-wordpress\/ -->\n<title>Services de Vol Ferry Professionnels pour la Livraison d&#039;Avions!<\/title>\n<meta name=\"description\" content=\"En savoir plus sur nos services professionnels de convoyage d&#039;avions, de la mise \u00e0 disposition d&#039;\u00e9quipages \u00e0 la planification des vols.\" \/>\n<meta name=\"robots\" content=\"index, follow, max-snippet:-1, max-image-preview:large, max-video-preview:-1\" \/>\n<link rel=\"canonical\" href=\"https:\/\/faaircraftsales.com\/fr\/ferry-vol-de-livraison\/\" \/>\n<meta property=\"og:locale\" content=\"fr_FR\" \/>\n<meta property=\"og:type\" content=\"article\" \/>\n<meta property=\"og:title\" content=\"Services de Vol Ferry Professionnels pour la Livraison d&#039;Avions!\" \/>\n<meta property=\"og:description\" content=\"En savoir plus sur nos services professionnels de convoyage d&#039;avions, de la mise \u00e0 disposition d&#039;\u00e9quipages \u00e0 la planification des vols.\" \/>\n<meta property=\"og:url\" content=\"https:\/\/faaircraftsales.com\/fr\/ferry-vol-de-livraison\/\" \/>\n<meta property=\"og:site_name\" content=\"Fly Aeolus\" \/>\n<meta property=\"article:modified_time\" content=\"2025-03-13T15:05:21+00:00\" \/>\n<meta property=\"og:image\" content=\"https:\/\/faaircraftsales.com\/wp-content\/uploads\/2021\/09\/Ferry-and-Delivery-Flight.png\" \/>\n\t<meta property=\"og:image:width\" content=\"1192\" \/>\n\t<meta property=\"og:image:height\" content=\"693\" \/>\n\t<meta property=\"og:image:type\" content=\"image\/png\" \/>\n<meta name=\"twitter:card\" content=\"summary_large_image\" \/>\n<meta name=\"twitter:label1\" content=\"Est. reading time\" \/>\n\t<meta name=\"twitter:data1\" content=\"7 minutes\" \/>\n<script type=\"application\/ld+json\" class=\"yoast-schema-graph\">{\"@context\":\"https:\\\/\\\/schema.org\",\"@graph\":[{\"@type\":\"WebPage\",\"@id\":\"https:\\\/\\\/faaircraftsales.com\\\/fr\\\/ferry-vol-de-livraison\\\/\",\"url\":\"https:\\\/\\\/faaircraftsales.com\\\/fr\\\/ferry-vol-de-livraison\\\/\",\"name\":\"Services de Vol Ferry Professionnels pour la Livraison d'Avions!\",\"isPartOf\":{\"@id\":\"https:\\\/\\\/faaircraftsales.com\\\/#website\"},\"primaryImageOfPage\":{\"@id\":\"https:\\\/\\\/faaircraftsales.com\\\/fr\\\/ferry-vol-de-livraison\\\/#primaryimage\"},\"image\":{\"@id\":\"https:\\\/\\\/faaircraftsales.com\\\/fr\\\/ferry-vol-de-livraison\\\/#primaryimage\"},\"thumbnailUrl\":\"https:\\\/\\\/faaircraftsales.com\\\/wp-content\\\/uploads\\\/2021\\\/09\\\/Ferry-and-Delivery-Flight.png\",\"datePublished\":\"2020-02-27T23:00:00+00:00\",\"dateModified\":\"2025-03-13T15:05:21+00:00\",\"description\":\"En savoir plus sur nos services professionnels de convoyage d'avions, de la mise \u00e0 disposition d'\u00e9quipages \u00e0 la planification des vols.\",\"breadcrumb\":{\"@id\":\"https:\\\/\\\/faaircraftsales.com\\\/fr\\\/ferry-vol-de-livraison\\\/#breadcrumb\"},\"inLanguage\":\"fr-FR\",\"potentialAction\":[{\"@type\":\"ReadAction\",\"target\":[\"https:\\\/\\\/faaircraftsales.com\\\/fr\\\/ferry-vol-de-livraison\\\/\"]}]},{\"@type\":\"ImageObject\",\"inLanguage\":\"fr-FR\",\"@id\":\"https:\\\/\\\/faaircraftsales.com\\\/fr\\\/ferry-vol-de-livraison\\\/#primaryimage\",\"url\":\"https:\\\/\\\/faaircraftsales.com\\\/wp-content\\\/uploads\\\/2021\\\/09\\\/Ferry-and-Delivery-Flight.png\",\"contentUrl\":\"https:\\\/\\\/faaircraftsales.com\\\/wp-content\\\/uploads\\\/2021\\\/09\\\/Ferry-and-Delivery-Flight.png\",\"width\":1192,\"height\":693},{\"@type\":\"BreadcrumbList\",\"@id\":\"https:\\\/\\\/faaircraftsales.com\\\/fr\\\/ferry-vol-de-livraison\\\/#breadcrumb\",\"itemListElement\":[{\"@type\":\"ListItem\",\"position\":1,\"name\":\"Home\",\"item\":\"https:\\\/\\\/faaircraftsales.com\\\/fr\\\/\"},{\"@type\":\"ListItem\",\"position\":2,\"name\":\"Ferry \\\/ Vol de livraison\"}]},{\"@type\":\"WebSite\",\"@id\":\"https:\\\/\\\/faaircraftsales.com\\\/#website\",\"url\":\"https:\\\/\\\/faaircraftsales.com\\\/\",\"name\":\"Fly Aeolus\",\"description\":\"\",\"potentialAction\":[{\"@type\":\"SearchAction\",\"target\":{\"@type\":\"EntryPoint\",\"urlTemplate\":\"https:\\\/\\\/faaircraftsales.com\\\/?s={search_term_string}\"},\"query-input\":{\"@type\":\"PropertyValueSpecification\",\"valueRequired\":true,\"valueName\":\"search_term_string\"}}],\"inLanguage\":\"fr-FR\"}]}<\/script>\n<!-- \/ Yoast SEO plugin. -->","yoast_head_json":{"title":"Services de Vol Ferry Professionnels pour la Livraison d'Avions!","description":"En savoir plus sur nos services professionnels de convoyage d'avions, de la mise \u00e0 disposition d'\u00e9quipages \u00e0 la planification des vols.","robots":{"index":"index","follow":"follow","max-snippet":"max-snippet:-1","max-image-preview":"max-image-preview:large","max-video-preview":"max-video-preview:-1"},"canonical":"https:\/\/faaircraftsales.com\/fr\/ferry-vol-de-livraison\/","og_locale":"fr_FR","og_type":"article","og_title":"Services de Vol Ferry Professionnels pour la Livraison d'Avions!","og_description":"En savoir plus sur nos services professionnels de convoyage d'avions, de la mise \u00e0 disposition d'\u00e9quipages \u00e0 la planification des vols.","og_url":"https:\/\/faaircraftsales.com\/fr\/ferry-vol-de-livraison\/","og_site_name":"Fly Aeolus","article_modified_time":"2025-03-13T15:05:21+00:00","og_image":[{"width":1192,"height":693,"url":"https:\/\/faaircraftsales.com\/wp-content\/uploads\/2021\/09\/Ferry-and-Delivery-Flight.png","type":"image\/png"}],"twitter_card":"summary_large_image","twitter_misc":{"Est. reading time":"7 minutes"},"schema":{"@context":"https:\/\/schema.org","@graph":[{"@type":"WebPage","@id":"https:\/\/faaircraftsales.com\/fr\/ferry-vol-de-livraison\/","url":"https:\/\/faaircraftsales.com\/fr\/ferry-vol-de-livraison\/","name":"Services de Vol Ferry Professionnels pour la Livraison d'Avions!","isPartOf":{"@id":"https:\/\/faaircraftsales.com\/#website"},"primaryImageOfPage":{"@id":"https:\/\/faaircraftsales.com\/fr\/ferry-vol-de-livraison\/#primaryimage"},"image":{"@id":"https:\/\/faaircraftsales.com\/fr\/ferry-vol-de-livraison\/#primaryimage"},"thumbnailUrl":"https:\/\/faaircraftsales.com\/wp-content\/uploads\/2021\/09\/Ferry-and-Delivery-Flight.png","datePublished":"2020-02-27T23:00:00+00:00","dateModified":"2025-03-13T15:05:21+00:00","description":"En savoir plus sur nos services professionnels de convoyage d'avions, de la mise \u00e0 disposition d'\u00e9quipages \u00e0 la planification des vols.","breadcrumb":{"@id":"https:\/\/faaircraftsales.com\/fr\/ferry-vol-de-livraison\/#breadcrumb"},"inLanguage":"fr-FR","potentialAction":[{"@type":"ReadAction","target":["https:\/\/faaircraftsales.com\/fr\/ferry-vol-de-livraison\/"]}]},{"@type":"ImageObject","inLanguage":"fr-FR","@id":"https:\/\/faaircraftsales.com\/fr\/ferry-vol-de-livraison\/#primaryimage","url":"https:\/\/faaircraftsales.com\/wp-content\/uploads\/2021\/09\/Ferry-and-Delivery-Flight.png","contentUrl":"https:\/\/faaircraftsales.com\/wp-content\/uploads\/2021\/09\/Ferry-and-Delivery-Flight.png","width":1192,"height":693},{"@type":"BreadcrumbList","@id":"https:\/\/faaircraftsales.com\/fr\/ferry-vol-de-livraison\/#breadcrumb","itemListElement":[{"@type":"ListItem","position":1,"name":"Home","item":"https:\/\/faaircraftsales.com\/fr\/"},{"@type":"ListItem","position":2,"name":"Ferry \/ Vol de livraison"}]},{"@type":"WebSite","@id":"https:\/\/faaircraftsales.com\/#website","url":"https:\/\/faaircraftsales.com\/","name":"Fly Aeolus","description":"","potentialAction":[{"@type":"SearchAction","target":{"@type":"EntryPoint","urlTemplate":"https:\/\/faaircraftsales.com\/?s={search_term_string}"},"query-input":{"@type":"PropertyValueSpecification","valueRequired":true,"valueName":"search_term_string"}}],"inLanguage":"fr-FR"}]}},"_links":{"self":[{"href":"https:\/\/faaircraftsales.com\/fr\/wp-json\/wp\/v2\/pages\/232","targetHints":{"allow":["GET"]}}],"collection":[{"href":"https:\/\/faaircraftsales.com\/fr\/wp-json\/wp\/v2\/pages"}],"about":[{"href":"https:\/\/faaircraftsales.com\/fr\/wp-json\/wp\/v2\/types\/page"}],"author":[{"embeddable":true,"href":"https:\/\/faaircraftsales.com\/fr\/wp-json\/wp\/v2\/users\/1"}],"replies":[{"embeddable":true,"href":"https:\/\/faaircraftsales.com\/fr\/wp-json\/wp\/v2\/comments?post=232"}],"version-history":[{"count":3,"href":"https:\/\/faaircraftsales.com\/fr\/wp-json\/wp\/v2\/pages\/232\/revisions"}],"predecessor-version":[{"id":22394,"href":"https:\/\/faaircraftsales.com\/fr\/wp-json\/wp\/v2\/pages\/232\/revisions\/22394"}],"wp:featuredmedia":[{"embeddable":true,"href":"https:\/\/faaircraftsales.com\/fr\/wp-json\/wp\/v2\/media\/19960"}],"wp:attachment":[{"href":"https:\/\/faaircraftsales.com\/fr\/wp-json\/wp\/v2\/media?parent=232"}],"curies":[{"name":"wp","href":"https:\/\/api.w.org\/{rel}","templated":true}]}}