{"id":221,"date":"2020-02-28T00:00:00","date_gmt":"2020-02-27T23:00:00","guid":{"rendered":"http:\/\/178.62.210.181\/avion-a-vendre\/"},"modified":"2025-04-25T16:21:55","modified_gmt":"2025-04-25T15:21:55","slug":"avion-a-vendre","status":"publish","type":"page","link":"https:\/\/faaircraftsales.com\/fr\/avion-a-vendre\/","title":{"rendered":"Vente d&#8217;avion"},"content":{"rendered":"\n<p>FA Aircraft Sales &amp; Acquisitions est un courtier a\u00e9rien professionnel et s&#8217;occupe de la vente d&#8217;avion d&#8217;occasion, pour des clients priv\u00e9s et\/ou corporatifs. Il s\u2019agit d\u2019avions monomoteurs ou de toute gamme d\u2019avions d\u2019affaires.<\/p>\n\n\n\n<p>FA Aircraft Sales &amp; Acquisitions s\u2019efforcera de diff\u00e9rencier votre a\u00e9ronef de tous les autres. La premi\u00e8re \u00e9tape de ce processus consistera \u00e0 d\u00e9terminer <a href=\"https:\/\/faaircraftsales.com\/fr\/blog-fr-airplanesales\/fixation-du-prix-de-droit-dutilisation-dun-avion\/\" target=\"_blank\" rel=\"noreferrer noopener\">la juste valeur marchande de votre a\u00e9ronef<\/a>. Nous utiliserons des donn\u00e9es historiques et \u00e9valuerons simultan\u00e9ment le march\u00e9. Cette approche tient compte de la dur\u00e9e des composants de votre avion et de son \u00e9tat g\u00e9n\u00e9ral au moment de d\u00e9terminer son prix de vente. <\/p>\n\n\n\n<p>Apr\u00e8s avoir accept\u00e9 notre proposition de prix, nous commencerons la deuxi\u00e8me \u00e9tape : la commercialisation de votre a\u00e9ronef.<\/p>\n\n\n\n<h4 class=\"wp-block-heading\">Notre marketing a\u00e9ronautique prend en charge :<\/h4>\n\n\n\n<ul class=\"wp-block-list\"><li>La mise en place d&#8217;une page web sur mesure comprenant des images professionnelles et une description d\u00e9taill\u00e9e de votre avion.<\/li><\/ul>\n\n\n\n<ul class=\"wp-block-list\"><li>La cr\u00e9ation d\u2019une brochure en couleur de votre avion, t\u00e9l\u00e9chargeable directement en PDF \u00e0 partir de notre site.<\/li><\/ul>\n\n\n\n<ul class=\"wp-block-list\"><li>La r\u00e9alisation d\u2019une courte vid\u00e9o de pr\u00e9sentation sur mesure de votre avion, plac\u00e9 sur sa propre page web.<\/li><\/ul>\n\n\n\n<ul class=\"wp-block-list\"><li>La mise en ligne d\u2019une description d\u00e9taill\u00e9e de votre avion avec des photos en couleurs et un lien vers sa page web sur les principaux sites de vente d&#8217;avion d&#8217;occasion.<\/li><\/ul>\n\n\n\n<ul class=\"wp-block-list\"><li>Une lettre de diffusion personnalis\u00e9e, incluant des liens vers votre avion, sera envoy\u00e9e \u00e0 tous les contacts FA Aircraft Sales.<\/li><\/ul>\n\n\n\n<ul class=\"wp-block-list\"><li>Une immense exposition aupr\u00e8s des propri\u00e9taires ou futures propri\u00e9taires d\u2019avions reli\u00e9s \u00e0 notre r\u00e9seau FA Aircraft Sales.<\/li><\/ul>\n\n\n\n<ul class=\"wp-block-list\"><li>Les annonces de ventes seront promus sur tous nos canaux digitaux et r\u00e9seaux sociaux.<\/li><\/ul>\n\n\n\n<p>Consultez <a href=\"https:\/\/faaircraftsales.com\/fr\/inscriptions-actuelles\/\" target=\"_blank\" rel=\"noreferrer noopener\">notre inventaire<\/a> afin de voir des exemples de commercialisation que nous proposons. Nous veillerons \u00e0 ce que les clients potentiels puissent trouver votre avion ! <\/p>\n\n\n\n<p>Nous g\u00e9rerons \u00e9galement la correspondance et les demandes de renseignements avec les acheteurs potentiels. Si une offre viable est pr\u00e9sent\u00e9e et accept\u00e9e par le vendeur, nous pouvons commencer le processus de cl\u00f4ture de l&#8217;op\u00e9ration. Nous g\u00e9rerons toutes les \u00e9tapes et fournirons un contrat d\u2019achat d\u2019a\u00e9ronef valide.<\/p>\n\n\n\n<p>Surtout, nous collaborons avec vous tout au long du processus de la vente de votre avion d&#8217;occasion et agissons uniquement en votre nom !<\/p>\n\n\n\n<p>Si vous \u00eates int\u00e9ress\u00e9 par la vente de votre avion, veuillez nous contacter par t\u00e9l\u00e9phone au +31 (0)15 820 0999 ou nous envoyer un e-mail \u00e0 <a href=\"mailto:sales@faaircraftsales.com\" target=\"_blank\" rel=\"noreferrer noopener\">sales@faaircraftsales.com<\/a>. Nous r\u00e9aliserons une \u00e9tude comparative de march\u00e9 de votre avion et discuterons des possibilit\u00e9s afin de g\u00e9n\u00e9rer une vente rapide.<\/p>\n","protected":false},"excerpt":{"rendered":"<p>FA Aircraft Sales &amp; Acquisitions est un courtier a\u00e9rien professionnel et s&#8217;occupe de la vente d&#8217;avion d&#8217;occasion, pour des clients priv\u00e9s et\/ou corporatifs. Il s\u2019agit d\u2019avions monomoteurs ou de toute gamme d\u2019avions d\u2019affaires. FA Aircraft Sales &amp; Acquisitions s\u2019efforcera de diff\u00e9rencier votre a\u00e9ronef de tous les autres. La premi\u00e8re \u00e9tape de ce processus consistera \u00e0 &hellip; <a href=\"https:\/\/faaircraftsales.com\/fr\/avion-a-vendre\/\">Continued<\/a><\/p>\n","protected":false},"author":1,"featured_media":19128,"parent":0,"menu_order":0,"comment_status":"open","ping_status":"closed","template":"template-as-sales.php","meta":{"_acf_changed":false,"footnotes":""},"class_list":["post-221","page","type-page","status-publish","has-post-thumbnail","hentry"],"acf":[],"yoast_head":"<!-- This site is optimized with the Yoast SEO plugin v27.4 - https:\/\/yoast.com\/product\/yoast-seo-wordpress\/ -->\n<title>Avion Vente Occasion | Vente d&#039;avion d&#039;occasion facile et rapide - Fly Aeolus<\/title>\n<meta name=\"description\" content=\"Voulez-vous vendre votre avion rapidement ? Le courtier a\u00e9rien FA Aircraft Sales s\u2019occupera de la vente de votre avion d\u2019occasion !\" \/>\n<meta name=\"robots\" content=\"index, follow, max-snippet:-1, max-image-preview:large, max-video-preview:-1\" \/>\n<link rel=\"canonical\" href=\"https:\/\/faaircraftsales.com\/fr\/avion-a-vendre\/\" \/>\n<meta property=\"og:locale\" content=\"fr_FR\" \/>\n<meta property=\"og:type\" content=\"article\" \/>\n<meta property=\"og:title\" content=\"Avion Vente Occasion | Vente d&#039;avion d&#039;occasion facile et rapide - Fly Aeolus\" \/>\n<meta property=\"og:description\" content=\"Voulez-vous vendre votre avion rapidement ? Le courtier a\u00e9rien FA Aircraft Sales s\u2019occupera de la vente de votre avion d\u2019occasion !\" \/>\n<meta property=\"og:url\" content=\"https:\/\/faaircraftsales.com\/fr\/avion-a-vendre\/\" \/>\n<meta property=\"og:site_name\" content=\"Fly Aeolus\" \/>\n<meta property=\"article:modified_time\" content=\"2025-04-25T15:21:55+00:00\" \/>\n<meta property=\"og:image\" content=\"https:\/\/faaircraftsales.com\/wp-content\/uploads\/2021\/05\/Fly-Aeolus-Aircraft-Sales-2-1-1.jpg\" \/>\n\t<meta property=\"og:image:width\" content=\"1000\" \/>\n\t<meta property=\"og:image:height\" content=\"666\" \/>\n\t<meta property=\"og:image:type\" content=\"image\/jpeg\" \/>\n<meta name=\"twitter:card\" content=\"summary_large_image\" \/>\n<meta name=\"twitter:label1\" content=\"Est. reading time\" \/>\n\t<meta name=\"twitter:data1\" content=\"2 minutes\" \/>\n<script type=\"application\/ld+json\" class=\"yoast-schema-graph\">{\"@context\":\"https:\\\/\\\/schema.org\",\"@graph\":[{\"@type\":\"WebPage\",\"@id\":\"https:\\\/\\\/faaircraftsales.com\\\/fr\\\/avion-a-vendre\\\/\",\"url\":\"https:\\\/\\\/faaircraftsales.com\\\/fr\\\/avion-a-vendre\\\/\",\"name\":\"Avion Vente Occasion | Vente d'avion d'occasion facile et rapide - Fly Aeolus\",\"isPartOf\":{\"@id\":\"https:\\\/\\\/faaircraftsales.com\\\/#website\"},\"primaryImageOfPage\":{\"@id\":\"https:\\\/\\\/faaircraftsales.com\\\/fr\\\/avion-a-vendre\\\/#primaryimage\"},\"image\":{\"@id\":\"https:\\\/\\\/faaircraftsales.com\\\/fr\\\/avion-a-vendre\\\/#primaryimage\"},\"thumbnailUrl\":\"https:\\\/\\\/faaircraftsales.com\\\/wp-content\\\/uploads\\\/2021\\\/05\\\/Fly-Aeolus-Aircraft-Sales-2-1-1.jpg\",\"datePublished\":\"2020-02-27T23:00:00+00:00\",\"dateModified\":\"2025-04-25T15:21:55+00:00\",\"description\":\"Voulez-vous vendre votre avion rapidement ? Le courtier a\u00e9rien FA Aircraft Sales s\u2019occupera de la vente de votre avion d\u2019occasion !\",\"breadcrumb\":{\"@id\":\"https:\\\/\\\/faaircraftsales.com\\\/fr\\\/avion-a-vendre\\\/#breadcrumb\"},\"inLanguage\":\"fr-FR\",\"potentialAction\":[{\"@type\":\"ReadAction\",\"target\":[\"https:\\\/\\\/faaircraftsales.com\\\/fr\\\/avion-a-vendre\\\/\"]}]},{\"@type\":\"ImageObject\",\"inLanguage\":\"fr-FR\",\"@id\":\"https:\\\/\\\/faaircraftsales.com\\\/fr\\\/avion-a-vendre\\\/#primaryimage\",\"url\":\"https:\\\/\\\/faaircraftsales.com\\\/wp-content\\\/uploads\\\/2021\\\/05\\\/Fly-Aeolus-Aircraft-Sales-2-1-1.jpg\",\"contentUrl\":\"https:\\\/\\\/faaircraftsales.com\\\/wp-content\\\/uploads\\\/2021\\\/05\\\/Fly-Aeolus-Aircraft-Sales-2-1-1.jpg\",\"width\":1000,\"height\":666,\"caption\":\"avion vente occasion\"},{\"@type\":\"BreadcrumbList\",\"@id\":\"https:\\\/\\\/faaircraftsales.com\\\/fr\\\/avion-a-vendre\\\/#breadcrumb\",\"itemListElement\":[{\"@type\":\"ListItem\",\"position\":1,\"name\":\"Home\",\"item\":\"https:\\\/\\\/faaircraftsales.com\\\/fr\\\/\"},{\"@type\":\"ListItem\",\"position\":2,\"name\":\"Vente d&#8217;avion\"}]},{\"@type\":\"WebSite\",\"@id\":\"https:\\\/\\\/faaircraftsales.com\\\/#website\",\"url\":\"https:\\\/\\\/faaircraftsales.com\\\/\",\"name\":\"Fly Aeolus\",\"description\":\"\",\"potentialAction\":[{\"@type\":\"SearchAction\",\"target\":{\"@type\":\"EntryPoint\",\"urlTemplate\":\"https:\\\/\\\/faaircraftsales.com\\\/?s={search_term_string}\"},\"query-input\":{\"@type\":\"PropertyValueSpecification\",\"valueRequired\":true,\"valueName\":\"search_term_string\"}}],\"inLanguage\":\"fr-FR\"}]}<\/script>\n<!-- \/ Yoast SEO plugin. -->","yoast_head_json":{"title":"Avion Vente Occasion | Vente d'avion d'occasion facile et rapide - Fly Aeolus","description":"Voulez-vous vendre votre avion rapidement ? Le courtier a\u00e9rien FA Aircraft Sales s\u2019occupera de la vente de votre avion d\u2019occasion !","robots":{"index":"index","follow":"follow","max-snippet":"max-snippet:-1","max-image-preview":"max-image-preview:large","max-video-preview":"max-video-preview:-1"},"canonical":"https:\/\/faaircraftsales.com\/fr\/avion-a-vendre\/","og_locale":"fr_FR","og_type":"article","og_title":"Avion Vente Occasion | Vente d'avion d'occasion facile et rapide - Fly Aeolus","og_description":"Voulez-vous vendre votre avion rapidement ? Le courtier a\u00e9rien FA Aircraft Sales s\u2019occupera de la vente de votre avion d\u2019occasion !","og_url":"https:\/\/faaircraftsales.com\/fr\/avion-a-vendre\/","og_site_name":"Fly Aeolus","article_modified_time":"2025-04-25T15:21:55+00:00","og_image":[{"width":1000,"height":666,"url":"https:\/\/faaircraftsales.com\/wp-content\/uploads\/2021\/05\/Fly-Aeolus-Aircraft-Sales-2-1-1.jpg","type":"image\/jpeg"}],"twitter_card":"summary_large_image","twitter_misc":{"Est. reading time":"2 minutes"},"schema":{"@context":"https:\/\/schema.org","@graph":[{"@type":"WebPage","@id":"https:\/\/faaircraftsales.com\/fr\/avion-a-vendre\/","url":"https:\/\/faaircraftsales.com\/fr\/avion-a-vendre\/","name":"Avion Vente Occasion | Vente d'avion d'occasion facile et rapide - Fly Aeolus","isPartOf":{"@id":"https:\/\/faaircraftsales.com\/#website"},"primaryImageOfPage":{"@id":"https:\/\/faaircraftsales.com\/fr\/avion-a-vendre\/#primaryimage"},"image":{"@id":"https:\/\/faaircraftsales.com\/fr\/avion-a-vendre\/#primaryimage"},"thumbnailUrl":"https:\/\/faaircraftsales.com\/wp-content\/uploads\/2021\/05\/Fly-Aeolus-Aircraft-Sales-2-1-1.jpg","datePublished":"2020-02-27T23:00:00+00:00","dateModified":"2025-04-25T15:21:55+00:00","description":"Voulez-vous vendre votre avion rapidement ? Le courtier a\u00e9rien FA Aircraft Sales s\u2019occupera de la vente de votre avion d\u2019occasion !","breadcrumb":{"@id":"https:\/\/faaircraftsales.com\/fr\/avion-a-vendre\/#breadcrumb"},"inLanguage":"fr-FR","potentialAction":[{"@type":"ReadAction","target":["https:\/\/faaircraftsales.com\/fr\/avion-a-vendre\/"]}]},{"@type":"ImageObject","inLanguage":"fr-FR","@id":"https:\/\/faaircraftsales.com\/fr\/avion-a-vendre\/#primaryimage","url":"https:\/\/faaircraftsales.com\/wp-content\/uploads\/2021\/05\/Fly-Aeolus-Aircraft-Sales-2-1-1.jpg","contentUrl":"https:\/\/faaircraftsales.com\/wp-content\/uploads\/2021\/05\/Fly-Aeolus-Aircraft-Sales-2-1-1.jpg","width":1000,"height":666,"caption":"avion vente occasion"},{"@type":"BreadcrumbList","@id":"https:\/\/faaircraftsales.com\/fr\/avion-a-vendre\/#breadcrumb","itemListElement":[{"@type":"ListItem","position":1,"name":"Home","item":"https:\/\/faaircraftsales.com\/fr\/"},{"@type":"ListItem","position":2,"name":"Vente d&#8217;avion"}]},{"@type":"WebSite","@id":"https:\/\/faaircraftsales.com\/#website","url":"https:\/\/faaircraftsales.com\/","name":"Fly Aeolus","description":"","potentialAction":[{"@type":"SearchAction","target":{"@type":"EntryPoint","urlTemplate":"https:\/\/faaircraftsales.com\/?s={search_term_string}"},"query-input":{"@type":"PropertyValueSpecification","valueRequired":true,"valueName":"search_term_string"}}],"inLanguage":"fr-FR"}]}},"_links":{"self":[{"href":"https:\/\/faaircraftsales.com\/fr\/wp-json\/wp\/v2\/pages\/221","targetHints":{"allow":["GET"]}}],"collection":[{"href":"https:\/\/faaircraftsales.com\/fr\/wp-json\/wp\/v2\/pages"}],"about":[{"href":"https:\/\/faaircraftsales.com\/fr\/wp-json\/wp\/v2\/types\/page"}],"author":[{"embeddable":true,"href":"https:\/\/faaircraftsales.com\/fr\/wp-json\/wp\/v2\/users\/1"}],"replies":[{"embeddable":true,"href":"https:\/\/faaircraftsales.com\/fr\/wp-json\/wp\/v2\/comments?post=221"}],"version-history":[{"count":1,"href":"https:\/\/faaircraftsales.com\/fr\/wp-json\/wp\/v2\/pages\/221\/revisions"}],"predecessor-version":[{"id":22439,"href":"https:\/\/faaircraftsales.com\/fr\/wp-json\/wp\/v2\/pages\/221\/revisions\/22439"}],"wp:featuredmedia":[{"embeddable":true,"href":"https:\/\/faaircraftsales.com\/fr\/wp-json\/wp\/v2\/media\/19128"}],"wp:attachment":[{"href":"https:\/\/faaircraftsales.com\/fr\/wp-json\/wp\/v2\/media?parent=221"}],"curies":[{"name":"wp","href":"https:\/\/api.w.org\/{rel}","templated":true}]}}