{"id":21583,"date":"2024-06-05T16:10:08","date_gmt":"2024-06-05T15:10:08","guid":{"rendered":"https:\/\/faaircraftsales.com\/aircraft-import-export\/"},"modified":"2024-06-06T17:42:40","modified_gmt":"2024-06-06T16:42:40","slug":"avion-import-export","status":"publish","type":"page","link":"https:\/\/faaircraftsales.com\/fr\/avion-import-export\/","title":{"rendered":"Services d&#8217;Import-Export d&#8217;Avions Simplifi\u00e9s"},"content":{"rendered":"\n<p>Chez FA Aircraft Sales, notre passion pour l&#8217;aviation va bien au-del\u00e0 de la simple vente d&#8217;avions. Nous pensons que devenir propri\u00e9taire ou acqu\u00e9rir un avion doit \u00eatre une exp\u00e9rience sans stress. C&#8217;est pourquoi nous proposons un service complet d&#8217;import-export con\u00e7u pour vous all\u00e9ger la t\u00e2che et assurer une transaction fluide et sans souci. \u00c9vitez les futurs probl\u00e8mes fiscaux et douaniers.<\/p>\n\n\n\n<p>Nous comprenons que la complexit\u00e9 des r\u00e9glementations internationales d&#8217;import-export d&#8217;avions peut \u00eatre d\u00e9courageante. Notre \u00e9quipe de professionnels d\u00e9vou\u00e9s poss\u00e8de les connaissances et l&#8217;expertise approfondies pour g\u00e9rer m\u00e9ticuleusement chaque aspect du processus, y compris :<\/p>\n\n\n\n<ul class=\"wp-block-list\">\n<li><strong>Expertise en conformit\u00e9 :<\/strong> Nous garantissons que tous les documents n\u00e9cessaires respectent les r\u00e9glementations internationales strictes, \u00e9vitant ainsi les retards et les probl\u00e8mes potentiels.<\/li>\n\n\n\n<li><strong>D\u00e9douanement simplifi\u00e9 : <\/strong>Notre \u00e9quipe rationalise le d\u00e9douanement, vous faisant gagner du temps et minimisant les frais suppl\u00e9mentaires.<strong> <\/strong><\/li>\n\n\n\n<li><strong>Permis et licences : <\/strong>L&#8217;obtention des permis et licences n\u00e9cessaires pour l&#8217;importation ou l&#8217;exportation peut \u00eatre source de confusion. Nous pouvons nous en charger pour vous. <\/li>\n\n\n\n<li><strong>Assurance et gestion des risques :<\/strong> Il est essentiel de souscrire une assurance appropri\u00e9e pour l&#8217;avion pendant le transport. Nous pouvons vous conseiller sur le bon plan d&#8217;assurance pour prot\u00e9ger votre investissement. <\/li>\n\n\n\n<li><strong>Logistique et transport d&#8217;experts :<\/strong> Nous coordonnons le transport s\u00fbr et efficace de votre avion vers sa destination finale, en nous appuyant sur notre vaste r\u00e9seau et notre expertise. <\/li>\n\n\n\n<li><strong>Connaissance du march\u00e9 local : <\/strong>Comprendre les r\u00e9glementations d&#8217;import-export sp\u00e9cifiques du pays de destination et d&#8217;origine est crucial. En tant que professionnel de l&#8217;import-export d&#8217;avions, nous disposons des connaissances et du r\u00e9seau n\u00e9cessaires pour naviguer dans les exigences des diff\u00e9rents pays.<\/li>\n<\/ul>\n\n\n\n<p>Pr\u00eat \u00e0 embarquer pour le voyage en avion, tout en \u00e9vitant la complexit\u00e9 des formalit\u00e9s administratives et des r\u00e9glementations et en respectant toutes les exigences l\u00e9gales et r\u00e9glementaires ? <a href=\"https:\/\/faaircraftsales.com\/fr\/contact\/\">Contactez FA Aircraft Sales<\/a> d\u00e8s aujourd&#8217;hui et laissez-nous g\u00e9rer le processus d&#8217;importation ou d&#8217;exportation avec expertise et attention. Nous garantissons une exp\u00e9rience fluide et sans stress afin que vous puissiez vous concentrer sur le plaisir de voler ou sur votre activit\u00e9.<\/p>\n","protected":false},"excerpt":{"rendered":"<p>Chez FA Aircraft Sales, notre passion pour l&#8217;aviation va bien au-del\u00e0 de la simple vente d&#8217;avions. Nous pensons que devenir propri\u00e9taire ou acqu\u00e9rir un avion doit \u00eatre une exp\u00e9rience sans stress. C&#8217;est pourquoi nous proposons un service complet d&#8217;import-export con\u00e7u pour vous all\u00e9ger la t\u00e2che et assurer une transaction fluide et sans souci. \u00c9vitez les &hellip; <a href=\"https:\/\/faaircraftsales.com\/fr\/avion-import-export\/\">Continued<\/a><\/p>\n","protected":false},"author":1,"featured_media":21560,"parent":0,"menu_order":0,"comment_status":"closed","ping_status":"closed","template":"template-as-sales.php","meta":{"_acf_changed":false,"footnotes":""},"class_list":["post-21583","page","type-page","status-publish","has-post-thumbnail","hentry"],"acf":[],"yoast_head":"<!-- This site is optimized with the Yoast SEO plugin v27.3 - https:\/\/yoast.com\/product\/yoast-seo-wordpress\/ -->\n<title>Services d&#039;Import-Export d&#039;Avions Simplifi\u00e9s | FA Aircraft Sales<\/title>\n<meta name=\"description\" content=\"Importation et exportation d&#039;avions. Concentrez-vous sur le vol, pas sur les formalit\u00e9s. Contactez nous pour un accompagnement d&#039;experts.\" \/>\n<meta name=\"robots\" content=\"index, follow, max-snippet:-1, max-image-preview:large, max-video-preview:-1\" \/>\n<link rel=\"canonical\" href=\"https:\/\/faaircraftsales.com\/fr\/avion-import-export\/\" \/>\n<meta property=\"og:locale\" content=\"fr_FR\" \/>\n<meta property=\"og:type\" content=\"article\" \/>\n<meta property=\"og:title\" content=\"Services d&#039;Import-Export d&#039;Avions Simplifi\u00e9s | FA Aircraft Sales\" \/>\n<meta property=\"og:description\" content=\"Importation et exportation d&#039;avions. Concentrez-vous sur le vol, pas sur les formalit\u00e9s. Contactez nous pour un accompagnement d&#039;experts.\" \/>\n<meta property=\"og:url\" content=\"https:\/\/faaircraftsales.com\/fr\/avion-import-export\/\" \/>\n<meta property=\"og:site_name\" content=\"Fly Aeolus\" \/>\n<meta property=\"article:modified_time\" content=\"2024-06-06T16:42:40+00:00\" \/>\n<meta property=\"og:image\" content=\"https:\/\/faaircraftsales.com\/wp-content\/uploads\/2024\/06\/DSC08563-scaled-e1717600249582.jpg\" \/>\n\t<meta property=\"og:image:width\" content=\"2555\" \/>\n\t<meta property=\"og:image:height\" content=\"635\" \/>\n\t<meta property=\"og:image:type\" content=\"image\/jpeg\" \/>\n<meta name=\"twitter:card\" content=\"summary_large_image\" \/>\n<meta name=\"twitter:label1\" content=\"Est. reading time\" \/>\n\t<meta name=\"twitter:data1\" content=\"2 minutes\" \/>\n<script type=\"application\/ld+json\" class=\"yoast-schema-graph\">{\"@context\":\"https:\\\/\\\/schema.org\",\"@graph\":[{\"@type\":\"WebPage\",\"@id\":\"https:\\\/\\\/faaircraftsales.com\\\/fr\\\/avion-import-export\\\/\",\"url\":\"https:\\\/\\\/faaircraftsales.com\\\/fr\\\/avion-import-export\\\/\",\"name\":\"Services d'Import-Export d'Avions Simplifi\u00e9s | FA Aircraft Sales\",\"isPartOf\":{\"@id\":\"https:\\\/\\\/faaircraftsales.com\\\/#website\"},\"primaryImageOfPage\":{\"@id\":\"https:\\\/\\\/faaircraftsales.com\\\/fr\\\/avion-import-export\\\/#primaryimage\"},\"image\":{\"@id\":\"https:\\\/\\\/faaircraftsales.com\\\/fr\\\/avion-import-export\\\/#primaryimage\"},\"thumbnailUrl\":\"https:\\\/\\\/faaircraftsales.com\\\/wp-content\\\/uploads\\\/2024\\\/06\\\/DSC08563-scaled-e1717600249582.jpg\",\"datePublished\":\"2024-06-05T15:10:08+00:00\",\"dateModified\":\"2024-06-06T16:42:40+00:00\",\"description\":\"Importation et exportation d'avions. Concentrez-vous sur le vol, pas sur les formalit\u00e9s. Contactez nous pour un accompagnement d'experts.\",\"breadcrumb\":{\"@id\":\"https:\\\/\\\/faaircraftsales.com\\\/fr\\\/avion-import-export\\\/#breadcrumb\"},\"inLanguage\":\"fr-FR\",\"potentialAction\":[{\"@type\":\"ReadAction\",\"target\":[\"https:\\\/\\\/faaircraftsales.com\\\/fr\\\/avion-import-export\\\/\"]}]},{\"@type\":\"ImageObject\",\"inLanguage\":\"fr-FR\",\"@id\":\"https:\\\/\\\/faaircraftsales.com\\\/fr\\\/avion-import-export\\\/#primaryimage\",\"url\":\"https:\\\/\\\/faaircraftsales.com\\\/wp-content\\\/uploads\\\/2024\\\/06\\\/DSC08563-scaled-e1717600249582.jpg\",\"contentUrl\":\"https:\\\/\\\/faaircraftsales.com\\\/wp-content\\\/uploads\\\/2024\\\/06\\\/DSC08563-scaled-e1717600249582.jpg\",\"width\":2555,\"height\":635,\"caption\":\"Importation and exportation services for private jets\"},{\"@type\":\"BreadcrumbList\",\"@id\":\"https:\\\/\\\/faaircraftsales.com\\\/fr\\\/avion-import-export\\\/#breadcrumb\",\"itemListElement\":[{\"@type\":\"ListItem\",\"position\":1,\"name\":\"Home\",\"item\":\"https:\\\/\\\/faaircraftsales.com\\\/fr\\\/\"},{\"@type\":\"ListItem\",\"position\":2,\"name\":\"Services d&#8217;Import-Export d&#8217;Avions Simplifi\u00e9s\"}]},{\"@type\":\"WebSite\",\"@id\":\"https:\\\/\\\/faaircraftsales.com\\\/#website\",\"url\":\"https:\\\/\\\/faaircraftsales.com\\\/\",\"name\":\"Fly Aeolus\",\"description\":\"\",\"potentialAction\":[{\"@type\":\"SearchAction\",\"target\":{\"@type\":\"EntryPoint\",\"urlTemplate\":\"https:\\\/\\\/faaircraftsales.com\\\/?s={search_term_string}\"},\"query-input\":{\"@type\":\"PropertyValueSpecification\",\"valueRequired\":true,\"valueName\":\"search_term_string\"}}],\"inLanguage\":\"fr-FR\"}]}<\/script>\n<!-- \/ Yoast SEO plugin. -->","yoast_head_json":{"title":"Services d'Import-Export d'Avions Simplifi\u00e9s | FA Aircraft Sales","description":"Importation et exportation d'avions. Concentrez-vous sur le vol, pas sur les formalit\u00e9s. Contactez nous pour un accompagnement d'experts.","robots":{"index":"index","follow":"follow","max-snippet":"max-snippet:-1","max-image-preview":"max-image-preview:large","max-video-preview":"max-video-preview:-1"},"canonical":"https:\/\/faaircraftsales.com\/fr\/avion-import-export\/","og_locale":"fr_FR","og_type":"article","og_title":"Services d'Import-Export d'Avions Simplifi\u00e9s | FA Aircraft Sales","og_description":"Importation et exportation d'avions. Concentrez-vous sur le vol, pas sur les formalit\u00e9s. Contactez nous pour un accompagnement d'experts.","og_url":"https:\/\/faaircraftsales.com\/fr\/avion-import-export\/","og_site_name":"Fly Aeolus","article_modified_time":"2024-06-06T16:42:40+00:00","og_image":[{"width":2555,"height":635,"url":"https:\/\/faaircraftsales.com\/wp-content\/uploads\/2024\/06\/DSC08563-scaled-e1717600249582.jpg","type":"image\/jpeg"}],"twitter_card":"summary_large_image","twitter_misc":{"Est. reading time":"2 minutes"},"schema":{"@context":"https:\/\/schema.org","@graph":[{"@type":"WebPage","@id":"https:\/\/faaircraftsales.com\/fr\/avion-import-export\/","url":"https:\/\/faaircraftsales.com\/fr\/avion-import-export\/","name":"Services d'Import-Export d'Avions Simplifi\u00e9s | FA Aircraft Sales","isPartOf":{"@id":"https:\/\/faaircraftsales.com\/#website"},"primaryImageOfPage":{"@id":"https:\/\/faaircraftsales.com\/fr\/avion-import-export\/#primaryimage"},"image":{"@id":"https:\/\/faaircraftsales.com\/fr\/avion-import-export\/#primaryimage"},"thumbnailUrl":"https:\/\/faaircraftsales.com\/wp-content\/uploads\/2024\/06\/DSC08563-scaled-e1717600249582.jpg","datePublished":"2024-06-05T15:10:08+00:00","dateModified":"2024-06-06T16:42:40+00:00","description":"Importation et exportation d'avions. Concentrez-vous sur le vol, pas sur les formalit\u00e9s. Contactez nous pour un accompagnement d'experts.","breadcrumb":{"@id":"https:\/\/faaircraftsales.com\/fr\/avion-import-export\/#breadcrumb"},"inLanguage":"fr-FR","potentialAction":[{"@type":"ReadAction","target":["https:\/\/faaircraftsales.com\/fr\/avion-import-export\/"]}]},{"@type":"ImageObject","inLanguage":"fr-FR","@id":"https:\/\/faaircraftsales.com\/fr\/avion-import-export\/#primaryimage","url":"https:\/\/faaircraftsales.com\/wp-content\/uploads\/2024\/06\/DSC08563-scaled-e1717600249582.jpg","contentUrl":"https:\/\/faaircraftsales.com\/wp-content\/uploads\/2024\/06\/DSC08563-scaled-e1717600249582.jpg","width":2555,"height":635,"caption":"Importation and exportation services for private jets"},{"@type":"BreadcrumbList","@id":"https:\/\/faaircraftsales.com\/fr\/avion-import-export\/#breadcrumb","itemListElement":[{"@type":"ListItem","position":1,"name":"Home","item":"https:\/\/faaircraftsales.com\/fr\/"},{"@type":"ListItem","position":2,"name":"Services d&#8217;Import-Export d&#8217;Avions Simplifi\u00e9s"}]},{"@type":"WebSite","@id":"https:\/\/faaircraftsales.com\/#website","url":"https:\/\/faaircraftsales.com\/","name":"Fly Aeolus","description":"","potentialAction":[{"@type":"SearchAction","target":{"@type":"EntryPoint","urlTemplate":"https:\/\/faaircraftsales.com\/?s={search_term_string}"},"query-input":{"@type":"PropertyValueSpecification","valueRequired":true,"valueName":"search_term_string"}}],"inLanguage":"fr-FR"}]}},"_links":{"self":[{"href":"https:\/\/faaircraftsales.com\/fr\/wp-json\/wp\/v2\/pages\/21583","targetHints":{"allow":["GET"]}}],"collection":[{"href":"https:\/\/faaircraftsales.com\/fr\/wp-json\/wp\/v2\/pages"}],"about":[{"href":"https:\/\/faaircraftsales.com\/fr\/wp-json\/wp\/v2\/types\/page"}],"author":[{"embeddable":true,"href":"https:\/\/faaircraftsales.com\/fr\/wp-json\/wp\/v2\/users\/1"}],"replies":[{"embeddable":true,"href":"https:\/\/faaircraftsales.com\/fr\/wp-json\/wp\/v2\/comments?post=21583"}],"version-history":[{"count":3,"href":"https:\/\/faaircraftsales.com\/fr\/wp-json\/wp\/v2\/pages\/21583\/revisions"}],"predecessor-version":[{"id":21599,"href":"https:\/\/faaircraftsales.com\/fr\/wp-json\/wp\/v2\/pages\/21583\/revisions\/21599"}],"wp:featuredmedia":[{"embeddable":true,"href":"https:\/\/faaircraftsales.com\/fr\/wp-json\/wp\/v2\/media\/21560"}],"wp:attachment":[{"href":"https:\/\/faaircraftsales.com\/fr\/wp-json\/wp\/v2\/media?parent=21583"}],"curies":[{"name":"wp","href":"https:\/\/api.w.org\/{rel}","templated":true}]}}