{"id":551,"date":"2021-05-06T14:49:00","date_gmt":"2021-05-06T13:49:00","guid":{"rendered":"http:\/\/178.62.210.181\/?page_id=551"},"modified":"2026-04-02T14:29:01","modified_gmt":"2026-04-02T13:29:01","slug":"vorabkontrolle","status":"publish","type":"page","link":"https:\/\/faaircraftsales.com\/de\/vorabkontrolle\/","title":{"rendered":"Vorabkontrolle"},"content":{"rendered":"\n<p>Die Vorkaufsinspektion ist ein wesentlicher Bestandteil jeder Gebrauchtflugzeugtransaktion. Wenn Sie erw\u00e4gen, ein Flugzeug zu kaufen, ist es sinnvoll, einen Teil der Pre-Purchase-Inspektion (PPI) (Initial aircraft logs, Maintenance Tracking Sheet) in die Erstellung einer Shortlist einzubeziehen. Bevor Sie die eingehenden Inspektionen durchf\u00fchren, m\u00f6chten Sie sich einen groben \u00dcberblick \u00fcber das Flugzeug verschaffen, das Sie in Ihre engere Wahl ziehen m\u00f6chten.<\/p>\n\n\n\n<p>Wenn die Wahl f\u00fcr ein Flugzeug getroffen wird, wird eine Absichtserkl\u00e4rung erstellt und der Umfang des PPI klar definiert. Auch die Auswahl einer neutralen Wartungsstelle wird getroffen. Die ausgew\u00e4hlte Instandhaltungseinrichtung darf keine bereits bestehende Beziehung zum Verk\u00e4ufer haben. Dies, um einen Interessenkonflikt zu vermeiden. Es ist sehr wichtig, dass die unabh\u00e4ngige Einrichtung Erfahrungen mit dem zu pr\u00fcfenden Flugzeugtyp nachweisen kann.<br><\/p>\n\n\n\n<p>Das Flugzeug und seine Aufzeichnungen werden dann an die Anlage geliefert und die Inspektion beginnt. Im Idealfall sind sowohl K\u00e4ufer als auch Verk\u00e4ufer w\u00e4hrend des gesamten Inspektionsprozesses mit Vertretern vor Ort anwesend. Der PPI wird abgeschlossen, bevor eventuelle Unstimmigkeiten behoben werden.<\/p>\n\n\n\n<p>Ein Abschlussbericht wird erstellt und dem K\u00e4ufer zugestellt, der eine Zusammenfassung des Flugzeugzustands und des Status von luftt\u00fcchtigkeitsbezogenen Gegenst\u00e4nden enth\u00e4lt. In diesem Bericht wird ein PPI zwei Kategorien von Diskrepanzen identifizieren: die Begrenzung der Luftt\u00fcchtigkeit und die Begrenzung der Nichtt\u00fcchtigkeit. Eine ungeschriebene Regel ist, dass der Verk\u00e4ufer f\u00fcr die die Luftt\u00fcchtigkeit einschr\u00e4nkenden Artikel zahlt, da er verpflichtet ist, dem K\u00e4ufer ein voll luftt\u00fcchtiges Flugzeug zu liefern. Andererseits m\u00fcssen sich K\u00e4ufer und Verk\u00e4ufer bei Nicht-Luftt\u00fcchtigkeitsprodukten \u00fcber die Kosten von Korrekturma\u00dfnahmen einigen. Wenn die beiden Parteien die einzelnen Positionen genehmigen, kann die Transaktion zum Abschluss gebracht werden.<\/p>\n\n\n\n<p>Der eigentliche Wert der Inspektion vor dem Kauf liegt in <a href=\"https:\/\/faaircraftsales.com\/de\/bewertung-flugzeugs\/\">der \u00dcberpr\u00fcfung des Wertes des Flugzeugs<\/a>. Durch die Ermittlung von Luftt\u00fcchtigkeitsabweichungen und nicht flugtauglichen Problemen zeigt die PPI den wahren Zustand des Flugzeugs. So k\u00f6nnen Sie den Angebotspreis mit den tats\u00e4chlichen Betriebskosten vergleichen. Sie k\u00f6nnen dann einen Preis aushandeln, der den Zustand des Flugzeugs widerspiegelt und sicherstellen, dass Sie nicht zu viel f\u00fcr versteckte Probleme bezahlen.<\/p>\n\n\n\n<p>Eine gr\u00fcndliche Inspektion ist unerl\u00e4sslich, aber nur ein Teil des Kaufprozesses. M\u00f6chten Sie wissen, was nach der PPI passiert? Lesen Sie unseren <a href=\"https:\/\/faaircraftsales.com\/de\/zeitung-airplanesales\/privatjet-kaufen-leitfaden\/\" target=\"_blank\" rel=\"noreferrer noopener\">Leitfaden zum Kauf eines Privatjets<\/a> f\u00fcr einen vollst\u00e4ndigen \u00dcberblick \u00fcber alle Schritte.<\/p>\n\n\n\n<p>Wie Sie sehen k\u00f6nnen, sind direkte Kommunikationswege vor, w\u00e4hrend und nach der Vorkaufsuntersuchung sehr wichtig. Es ist sehr wichtig f\u00fcr die K\u00e4ufer, einen professionellen Flugzeugmakler zu beauftragen, der diesen gesamten Prozess begleitet. Viele K\u00e4ufer haben einen Mangel an Fachwissen (und Zeit) \u00fcber den Kauf eines Flugzeugs. Und am Ende wollen Sie kein Flugzeug kaufen, das aus unvorhergesehenen Gr\u00fcnden am Boden liegt!<\/p>\n","protected":false},"excerpt":{"rendered":"<p>Die Vorkaufsinspektion ist ein wesentlicher Bestandteil jeder Gebrauchtflugzeugtransaktion. Wenn Sie erw\u00e4gen, ein Flugzeug zu kaufen, ist es sinnvoll, einen Teil der Pre-Purchase-Inspektion (PPI) (Initial aircraft logs, Maintenance Tracking Sheet) in die Erstellung einer Shortlist einzubeziehen. Bevor Sie die eingehenden Inspektionen durchf\u00fchren, m\u00f6chten Sie sich einen groben \u00dcberblick \u00fcber das Flugzeug verschaffen, das Sie in Ihre &hellip; <a href=\"https:\/\/faaircraftsales.com\/de\/vorabkontrolle\/\">Continued<\/a><\/p>\n","protected":false},"author":1,"featured_media":19952,"parent":0,"menu_order":0,"comment_status":"closed","ping_status":"closed","template":"template-as-pre-purchase.php","meta":{"_acf_changed":false,"footnotes":""},"class_list":["post-551","page","type-page","status-publish","has-post-thumbnail","hentry"],"acf":[],"yoast_head":"<!-- This site is optimized with the Yoast SEO plugin v27.5 - https:\/\/yoast.com\/product\/yoast-seo-wordpress\/ -->\n<title>Vorabkontrolle - Fly Aeolus<\/title>\n<meta name=\"description\" content=\"Diese Inspektion ist ein wichtiger Bestandteil jeder Gebrauchtflugzeug-Transaktion, da Sie kein Flugzeug wollen, das kurz nach dem Kauf am Boden liegt!\" \/>\n<meta name=\"robots\" content=\"index, follow, max-snippet:-1, max-image-preview:large, max-video-preview:-1\" \/>\n<link rel=\"canonical\" href=\"https:\/\/faaircraftsales.com\/de\/vorabkontrolle\/\" \/>\n<meta property=\"og:locale\" content=\"de_DE\" \/>\n<meta property=\"og:type\" content=\"article\" \/>\n<meta property=\"og:title\" content=\"Vorabkontrolle - Fly Aeolus\" \/>\n<meta property=\"og:description\" content=\"Diese Inspektion ist ein wichtiger Bestandteil jeder Gebrauchtflugzeug-Transaktion, da Sie kein Flugzeug wollen, das kurz nach dem Kauf am Boden liegt!\" \/>\n<meta property=\"og:url\" content=\"https:\/\/faaircraftsales.com\/de\/vorabkontrolle\/\" \/>\n<meta property=\"og:site_name\" content=\"Fly Aeolus\" \/>\n<meta property=\"article:modified_time\" content=\"2026-04-02T13:29:01+00:00\" \/>\n<meta property=\"og:image\" content=\"https:\/\/faaircraftsales.com\/wp-content\/uploads\/2021\/09\/IMG_0330.jpg\" \/>\n\t<meta property=\"og:image:width\" content=\"1536\" \/>\n\t<meta property=\"og:image:height\" content=\"2056\" \/>\n\t<meta property=\"og:image:type\" content=\"image\/jpeg\" \/>\n<meta name=\"twitter:card\" content=\"summary_large_image\" \/>\n<meta name=\"twitter:label1\" content=\"Est. reading time\" \/>\n\t<meta name=\"twitter:data1\" content=\"3 minutes\" \/>\n<script type=\"application\/ld+json\" class=\"yoast-schema-graph\">{\"@context\":\"https:\\\/\\\/schema.org\",\"@graph\":[{\"@type\":\"WebPage\",\"@id\":\"https:\\\/\\\/faaircraftsales.com\\\/de\\\/vorabkontrolle\\\/\",\"url\":\"https:\\\/\\\/faaircraftsales.com\\\/de\\\/vorabkontrolle\\\/\",\"name\":\"Vorabkontrolle - Fly Aeolus\",\"isPartOf\":{\"@id\":\"https:\\\/\\\/faaircraftsales.com\\\/#website\"},\"primaryImageOfPage\":{\"@id\":\"https:\\\/\\\/faaircraftsales.com\\\/de\\\/vorabkontrolle\\\/#primaryimage\"},\"image\":{\"@id\":\"https:\\\/\\\/faaircraftsales.com\\\/de\\\/vorabkontrolle\\\/#primaryimage\"},\"thumbnailUrl\":\"https:\\\/\\\/faaircraftsales.com\\\/wp-content\\\/uploads\\\/2021\\\/09\\\/IMG_0330.jpg\",\"datePublished\":\"2021-05-06T13:49:00+00:00\",\"dateModified\":\"2026-04-02T13:29:01+00:00\",\"description\":\"Diese Inspektion ist ein wichtiger Bestandteil jeder Gebrauchtflugzeug-Transaktion, da Sie kein Flugzeug wollen, das kurz nach dem Kauf am Boden liegt!\",\"breadcrumb\":{\"@id\":\"https:\\\/\\\/faaircraftsales.com\\\/de\\\/vorabkontrolle\\\/#breadcrumb\"},\"inLanguage\":\"de-DE\",\"potentialAction\":[{\"@type\":\"ReadAction\",\"target\":[\"https:\\\/\\\/faaircraftsales.com\\\/de\\\/vorabkontrolle\\\/\"]}]},{\"@type\":\"ImageObject\",\"inLanguage\":\"de-DE\",\"@id\":\"https:\\\/\\\/faaircraftsales.com\\\/de\\\/vorabkontrolle\\\/#primaryimage\",\"url\":\"https:\\\/\\\/faaircraftsales.com\\\/wp-content\\\/uploads\\\/2021\\\/09\\\/IMG_0330.jpg\",\"contentUrl\":\"https:\\\/\\\/faaircraftsales.com\\\/wp-content\\\/uploads\\\/2021\\\/09\\\/IMG_0330.jpg\",\"width\":1536,\"height\":2056,\"caption\":\"PPI\"},{\"@type\":\"BreadcrumbList\",\"@id\":\"https:\\\/\\\/faaircraftsales.com\\\/de\\\/vorabkontrolle\\\/#breadcrumb\",\"itemListElement\":[{\"@type\":\"ListItem\",\"position\":1,\"name\":\"Home\",\"item\":\"https:\\\/\\\/faaircraftsales.com\\\/de\\\/\"},{\"@type\":\"ListItem\",\"position\":2,\"name\":\"Vorabkontrolle\"}]},{\"@type\":\"WebSite\",\"@id\":\"https:\\\/\\\/faaircraftsales.com\\\/#website\",\"url\":\"https:\\\/\\\/faaircraftsales.com\\\/\",\"name\":\"Fly Aeolus\",\"description\":\"\",\"potentialAction\":[{\"@type\":\"SearchAction\",\"target\":{\"@type\":\"EntryPoint\",\"urlTemplate\":\"https:\\\/\\\/faaircraftsales.com\\\/?s={search_term_string}\"},\"query-input\":{\"@type\":\"PropertyValueSpecification\",\"valueRequired\":true,\"valueName\":\"search_term_string\"}}],\"inLanguage\":\"de-DE\"}]}<\/script>\n<!-- \/ Yoast SEO plugin. -->","yoast_head_json":{"title":"Vorabkontrolle - Fly Aeolus","description":"Diese Inspektion ist ein wichtiger Bestandteil jeder Gebrauchtflugzeug-Transaktion, da Sie kein Flugzeug wollen, das kurz nach dem Kauf am Boden liegt!","robots":{"index":"index","follow":"follow","max-snippet":"max-snippet:-1","max-image-preview":"max-image-preview:large","max-video-preview":"max-video-preview:-1"},"canonical":"https:\/\/faaircraftsales.com\/de\/vorabkontrolle\/","og_locale":"de_DE","og_type":"article","og_title":"Vorabkontrolle - Fly Aeolus","og_description":"Diese Inspektion ist ein wichtiger Bestandteil jeder Gebrauchtflugzeug-Transaktion, da Sie kein Flugzeug wollen, das kurz nach dem Kauf am Boden liegt!","og_url":"https:\/\/faaircraftsales.com\/de\/vorabkontrolle\/","og_site_name":"Fly Aeolus","article_modified_time":"2026-04-02T13:29:01+00:00","og_image":[{"width":1536,"height":2056,"url":"https:\/\/faaircraftsales.com\/wp-content\/uploads\/2021\/09\/IMG_0330.jpg","type":"image\/jpeg"}],"twitter_card":"summary_large_image","twitter_misc":{"Est. reading time":"3 minutes"},"schema":{"@context":"https:\/\/schema.org","@graph":[{"@type":"WebPage","@id":"https:\/\/faaircraftsales.com\/de\/vorabkontrolle\/","url":"https:\/\/faaircraftsales.com\/de\/vorabkontrolle\/","name":"Vorabkontrolle - Fly Aeolus","isPartOf":{"@id":"https:\/\/faaircraftsales.com\/#website"},"primaryImageOfPage":{"@id":"https:\/\/faaircraftsales.com\/de\/vorabkontrolle\/#primaryimage"},"image":{"@id":"https:\/\/faaircraftsales.com\/de\/vorabkontrolle\/#primaryimage"},"thumbnailUrl":"https:\/\/faaircraftsales.com\/wp-content\/uploads\/2021\/09\/IMG_0330.jpg","datePublished":"2021-05-06T13:49:00+00:00","dateModified":"2026-04-02T13:29:01+00:00","description":"Diese Inspektion ist ein wichtiger Bestandteil jeder Gebrauchtflugzeug-Transaktion, da Sie kein Flugzeug wollen, das kurz nach dem Kauf am Boden liegt!","breadcrumb":{"@id":"https:\/\/faaircraftsales.com\/de\/vorabkontrolle\/#breadcrumb"},"inLanguage":"de-DE","potentialAction":[{"@type":"ReadAction","target":["https:\/\/faaircraftsales.com\/de\/vorabkontrolle\/"]}]},{"@type":"ImageObject","inLanguage":"de-DE","@id":"https:\/\/faaircraftsales.com\/de\/vorabkontrolle\/#primaryimage","url":"https:\/\/faaircraftsales.com\/wp-content\/uploads\/2021\/09\/IMG_0330.jpg","contentUrl":"https:\/\/faaircraftsales.com\/wp-content\/uploads\/2021\/09\/IMG_0330.jpg","width":1536,"height":2056,"caption":"PPI"},{"@type":"BreadcrumbList","@id":"https:\/\/faaircraftsales.com\/de\/vorabkontrolle\/#breadcrumb","itemListElement":[{"@type":"ListItem","position":1,"name":"Home","item":"https:\/\/faaircraftsales.com\/de\/"},{"@type":"ListItem","position":2,"name":"Vorabkontrolle"}]},{"@type":"WebSite","@id":"https:\/\/faaircraftsales.com\/#website","url":"https:\/\/faaircraftsales.com\/","name":"Fly Aeolus","description":"","potentialAction":[{"@type":"SearchAction","target":{"@type":"EntryPoint","urlTemplate":"https:\/\/faaircraftsales.com\/?s={search_term_string}"},"query-input":{"@type":"PropertyValueSpecification","valueRequired":true,"valueName":"search_term_string"}}],"inLanguage":"de-DE"}]}},"_links":{"self":[{"href":"https:\/\/faaircraftsales.com\/de\/wp-json\/wp\/v2\/pages\/551","targetHints":{"allow":["GET"]}}],"collection":[{"href":"https:\/\/faaircraftsales.com\/de\/wp-json\/wp\/v2\/pages"}],"about":[{"href":"https:\/\/faaircraftsales.com\/de\/wp-json\/wp\/v2\/types\/page"}],"author":[{"embeddable":true,"href":"https:\/\/faaircraftsales.com\/de\/wp-json\/wp\/v2\/users\/1"}],"replies":[{"embeddable":true,"href":"https:\/\/faaircraftsales.com\/de\/wp-json\/wp\/v2\/comments?post=551"}],"version-history":[{"count":2,"href":"https:\/\/faaircraftsales.com\/de\/wp-json\/wp\/v2\/pages\/551\/revisions"}],"predecessor-version":[{"id":24499,"href":"https:\/\/faaircraftsales.com\/de\/wp-json\/wp\/v2\/pages\/551\/revisions\/24499"}],"wp:featuredmedia":[{"embeddable":true,"href":"https:\/\/faaircraftsales.com\/de\/wp-json\/wp\/v2\/media\/19952"}],"wp:attachment":[{"href":"https:\/\/faaircraftsales.com\/de\/wp-json\/wp\/v2\/media?parent=551"}],"curies":[{"name":"wp","href":"https:\/\/api.w.org\/{rel}","templated":true}]}}