{"id":251,"date":"2020-11-20T00:00:00","date_gmt":"2020-11-19T23:00:00","guid":{"rendered":"http:\/\/178.62.210.181\/airplanesales-flugzeug-management\/"},"modified":"2021-08-27T14:10:07","modified_gmt":"2021-08-27T13:10:07","slug":"flugzeug-management","status":"publish","type":"page","link":"https:\/\/faaircraftsales.com\/de\/flugzeug-management\/","title":{"rendered":"Flugzeug Management"},"content":{"rendered":"\n<p>Fly Aeolus Ihr Kapital anzuvertrauen, erm\u00f6glicht es Ihnen, uns alle administrativen und operativen Aspekte des Flugzeug Managements zu&nbsp;\u00fcberlassen. Unsere Verwaltungsprogramme sind speziell darauf ausgerichtet, Flugzeugbesitzern Hilfe bei der Wartung, Rechnungsstellung, Versicherung, dem Flugbetrieb, der Besatzung und vielen anderen Aspekten des Flugzeugbesitzes zu bieten. Sie behalten die Flexibilit\u00e4t des Eigentums und haben mehr Zeit, sich auf Ihre Angelegenheiten zu konzentrieren. Informieren Sie sich, welcher Service f\u00fcr Ihre Anforderungen geeignet ist.<\/p>\n\n\n\n<h3 class=\"wp-block-heading\">Flugzeug Management&nbsp;<\/h3>\n\n\n\n<table id=\"tablepress-4\" class=\"tablepress tablepress-id-4\">\n<thead>\n<tr class=\"row-1\">\n\t<td class=\"column-1\"><\/td><th class=\"column-2\">Bestehende Flugzeugbesitzer<\/th><th class=\"column-3\">Neue Flugzeugbesitzer<\/th>\n<\/tr>\n<\/thead>\n<tbody class=\"row-striping row-hover\">\n<tr class=\"row-2\">\n\t<td class=\"column-1\">Erste Anlaufstelle f\u00fcr alle flugzeugbezogenen Aspekte<\/td><td class=\"column-2\"><img loading=\"lazy\" decoding=\"async\" src=\"https:\/\/flyaeolus.com\/wp-content\/themes\/aeolus\/assets\/img\/icons\/check.png\" width=\"13\" height=\"13\" alt=\"Aircraft Management Check Mark\" class=\"aligncenter\"   \/><\/td><td class=\"column-3\"><img loading=\"lazy\" decoding=\"async\" src=\"https:\/\/flyaeolus.com\/wp-content\/themes\/aeolus\/assets\/img\/icons\/check.png\" width=\"13\" height=\"13\" alt=\"Aircraft Management Check Mark\" class=\"aligncenter\"   \/><\/td>\n<\/tr>\n<tr class=\"row-3\">\n\t<td class=\"column-1\">Unterst\u00fctzung nach dem Kauf eines Flugzeugs inkl. Verwaltung der Zulassungsvoraussetzungen und Finanzberatung f\u00fcr die Buchhaltung und den Betrieb Ihres Flugzeugs<\/td><td class=\"column-2\"><\/td><td class=\"column-3\"><img loading=\"lazy\" decoding=\"async\" src=\"https:\/\/flyaeolus.com\/wp-content\/themes\/aeolus\/assets\/img\/icons\/check.png\" width=\"13\" height=\"13\" alt=\"Aircraft Management Check Mark\" class=\"aligncenter\"   \/><\/td>\n<\/tr>\n<tr class=\"row-4\">\n\t<td class=\"column-1\">Einrichtung eines CAMO-Vertrages inkl. Luftfahrzeug-Instandhaltungsprogramm (AMP)<\/td><td class=\"column-2\"><\/td><td class=\"column-3\"><img loading=\"lazy\" decoding=\"async\" src=\"https:\/\/flyaeolus.com\/wp-content\/themes\/aeolus\/assets\/img\/icons\/check.png\" width=\"13\" height=\"13\" alt=\"Aircraft Management Check Mark\" class=\"aligncenter\"   \/><\/td>\n<\/tr>\n<tr class=\"row-5\">\n\t<td class=\"column-1\">Organisation von Versicherungen, Hangarage- und Treibstoffkarten<\/td><td class=\"column-2\"><\/td><td class=\"column-3\"><img loading=\"lazy\" decoding=\"async\" src=\"https:\/\/flyaeolus.com\/wp-content\/themes\/aeolus\/assets\/img\/icons\/check.png\" width=\"13\" height=\"13\" alt=\"Aircraft Management Check Mark\" class=\"aligncenter\"   \/><\/td>\n<\/tr>\n<tr class=\"row-6\">\n\t<td class=\"column-1\">Koordination der Instandhaltung, Bestimmung und \u00dcberwachung von Wartungsaufgaben<\/td><td class=\"column-2\"><img loading=\"lazy\" decoding=\"async\" src=\"https:\/\/flyaeolus.com\/wp-content\/themes\/aeolus\/assets\/img\/icons\/check.png\" width=\"13\" height=\"13\" alt=\"Aircraft Management Check Mark\" class=\"aligncenter\"   \/><\/td><td class=\"column-3\"><img loading=\"lazy\" decoding=\"async\" src=\"https:\/\/flyaeolus.com\/wp-content\/themes\/aeolus\/assets\/img\/icons\/check.png\" width=\"13\" height=\"13\" alt=\"Aircraft Management Check Mark\" class=\"aligncenter\"   \/><\/td>\n<\/tr>\n<tr class=\"row-7\">\n\t<td class=\"column-1\">Koordination von Verpflegung und Reinigung<\/td><td class=\"column-2\"><img loading=\"lazy\" decoding=\"async\" src=\"https:\/\/flyaeolus.com\/wp-content\/themes\/aeolus\/assets\/img\/icons\/check.png\" width=\"13\" height=\"13\" alt=\"Aircraft Management Check Mark\" class=\"aligncenter\"   \/><\/td><td class=\"column-3\"><img loading=\"lazy\" decoding=\"async\" src=\"https:\/\/flyaeolus.com\/wp-content\/themes\/aeolus\/assets\/img\/icons\/check.png\" width=\"13\" height=\"13\" alt=\"Aircraft Management Check Mark\" class=\"aligncenter\"   \/><\/td>\n<\/tr>\n<tr class=\"row-8\">\n\t<td class=\"column-1\">L\u00f6sung von Problemen bei fehlende Luftt\u00fcchtigkeit (AOG)<\/td><td class=\"column-2\"><img loading=\"lazy\" decoding=\"async\" src=\"https:\/\/flyaeolus.com\/wp-content\/themes\/aeolus\/assets\/img\/icons\/check.png\" width=\"13\" height=\"13\" alt=\"Aircraft Management Check Mark\" class=\"aligncenter\"   \/><\/td><td class=\"column-3\"><img loading=\"lazy\" decoding=\"async\" src=\"https:\/\/flyaeolus.com\/wp-content\/themes\/aeolus\/assets\/img\/icons\/check.png\" width=\"13\" height=\"13\" alt=\"Aircraft Management Check Mark\" class=\"aligncenter\"   \/><\/td>\n<\/tr>\n<tr class=\"row-9\">\n\t<td class=\"column-1\">Effiziente Rechnungskontrolle und Kostenmanagement mit monatlichen Berichten<\/td><td class=\"column-2\"><img loading=\"lazy\" decoding=\"async\" src=\"https:\/\/flyaeolus.com\/wp-content\/themes\/aeolus\/assets\/img\/icons\/check.png\" width=\"13\" height=\"13\" alt=\"Aircraft Management Check Mark\" class=\"aligncenter\"   \/><\/td><td class=\"column-3\"><img loading=\"lazy\" decoding=\"async\" src=\"https:\/\/flyaeolus.com\/wp-content\/themes\/aeolus\/assets\/img\/icons\/check.png\" width=\"13\" height=\"13\" alt=\"Aircraft Management Check Mark\" class=\"aligncenter\"   \/><\/td>\n<\/tr>\n<tr class=\"row-10\">\n\t<td class=\"column-1\">Optionen<\/td><td class=\"column-2\"><\/td><td class=\"column-3\"><\/td>\n<\/tr>\n<tr class=\"row-11\">\n\t<td class=\"column-1\">Erstellung von Flugpl\u00e4nen inkl. Gewichts- und Schwerpunktberechnungen, Gendecs, GAR-Formularen, Slotantr\u00e4gen, PPR-Antr\u00e4gen, NOTAM-Check, Organisation der Bodenabfertigung etc.<\/td><td class=\"column-2\"><\/td><td class=\"column-3\"><\/td>\n<\/tr>\n<tr class=\"row-12\">\n\t<td class=\"column-1\">Organisation, Planung und Ausbildung der Besatzung (Lizenzen, Sicherheitstraining usw.), \u00dcberwachung und Einhaltung aller Luftfahrtvorschriften<\/td><td class=\"column-2\"><\/td><td class=\"column-3\"><\/td>\n<\/tr>\n<\/tbody>\n<\/table>\n<!-- #tablepress-4 from cache -->\n\n\n\n<p>Alle Flugzeug Management-Pakete werden mit einer ganzen Reihe von kleinen Ma\u00dfnahmen einhergehen, die zu einem reibungslosen Ablauf der Operation beitragen!<\/p>\n\n\n\n<h3 class=\"wp-block-heading\">Geb\u00fchrenstruktur<\/h3>\n\n\n\n<h4 class=\"wp-block-heading\">Einf\u00fchrungsgeb\u00fchr<\/h4>\n\n\n\n<p>Die Einf\u00fchrungsgeb\u00fchr deckt den Arbeitsaufwand f\u00fcr alle Startaufgaben ab, so dass das Flugzeug reibungslos implementiert werden kann. In der Einf\u00fchrungsgeb\u00fchr sind die Einrichtung oder&nbsp;\u00dcberpr\u00fcfung der Partnervertr\u00e4ge, die Erstellung von Flugdatenbanken usw. enthalten.<\/p>\n\n\n\n<h4 class=\"wp-block-heading\">Monatliche Verwaltungsgeb\u00fchr<\/h4>\n\n\n\n<p>Diese Geb\u00fchr beinhaltet die Finanzverwaltung, das Instandhaltungsmanagement und die Terminplanung, die Einhaltung der Sicherheitsvorschriften sowie alle dedizierten Eigent\u00fcmerdienste.<\/p>\n\n\n\n<h4 class=\"wp-block-heading\">Betriebliche Kaution<\/h4>\n\n\n\n<p>Fly Aeolus ist auf seine Flugzeugbesitzer angewiesen, um die Liquidit\u00e4t f\u00fcr den Betrieb und die Wartung der Flugzeuge nach den erforderlichen Standards zu gew\u00e4hrleisten. Aufgrund der H\u00f6he der Kosten von verschiedenen Anbietern erhebt Fly Aeolus eine Betriebskaution. Die erforderliche Betriebskaution wird in Zusammenarbeit mit dem Eigent\u00fcmer auf der Grundlage des voraussichtlichen Betriebsumfangs festgelegt.<\/p>\n\n\n\n<p>Ben\u00f6tigen Sie Unterst\u00fctzung beim Flugzeug Management? Kontaktieren Sie uns f\u00fcr weitere Informationen unter +31 (0)15 820 0999&nbsp;oder&nbsp;<a href=\"mailto:sales@faaircraftsales.com\">sales@faaircraftsales.com<\/a>.<\/p>\n","protected":false},"excerpt":{"rendered":"<p>Fly Aeolus Ihr Kapital anzuvertrauen, erm\u00f6glicht es Ihnen, uns alle administrativen und operativen Aspekte des Flugzeug Managements zu&nbsp;\u00fcberlassen. Unsere Verwaltungsprogramme sind speziell darauf ausgerichtet, Flugzeugbesitzern Hilfe bei der Wartung, Rechnungsstellung, Versicherung, dem Flugbetrieb, der Besatzung und vielen anderen Aspekten des Flugzeugbesitzes zu bieten. Sie behalten die Flexibilit\u00e4t des Eigentums und haben mehr Zeit, sich auf &hellip; <a href=\"https:\/\/faaircraftsales.com\/de\/flugzeug-management\/\">Continued<\/a><\/p>\n","protected":false},"author":1,"featured_media":19843,"parent":0,"menu_order":0,"comment_status":"open","ping_status":"closed","template":"template-faq.php","meta":{"_acf_changed":false,"footnotes":""},"class_list":["post-251","page","type-page","status-publish","has-post-thumbnail","hentry"],"acf":[],"yoast_head":"<!-- This site is optimized with the Yoast SEO plugin v27.4 - https:\/\/yoast.com\/product\/yoast-seo-wordpress\/ -->\n<title>\u00dcbergeben Sie Ihr Flugzeug-Management, L\u00f6sung f\u00fcr Flugzeugbesitzer!<\/title>\n<meta name=\"description\" content=\"Das Management kann eine gewaltige Aufgabe sein. Fly Aeolus \u00fcbernimmt die Verwaltung ihres Flugzeugs: Hier finden Sie alle M\u00f6glichkeiten!\" \/>\n<meta name=\"robots\" content=\"index, follow, max-snippet:-1, max-image-preview:large, max-video-preview:-1\" \/>\n<link rel=\"canonical\" href=\"https:\/\/faaircraftsales.com\/aircraft-management\/\" \/>\n<meta property=\"og:locale\" content=\"de_DE\" \/>\n<meta property=\"og:type\" content=\"article\" \/>\n<meta property=\"og:title\" content=\"\u00dcbergeben Sie Ihr Flugzeug-Management, L\u00f6sung f\u00fcr Flugzeugbesitzer!\" \/>\n<meta property=\"og:description\" content=\"Das Management kann eine gewaltige Aufgabe sein. Fly Aeolus \u00fcbernimmt die Verwaltung ihres Flugzeugs: Hier finden Sie alle M\u00f6glichkeiten!\" \/>\n<meta property=\"og:url\" content=\"https:\/\/faaircraftsales.com\/aircraft-management\/\" \/>\n<meta property=\"og:site_name\" content=\"Fly Aeolus\" \/>\n<meta property=\"article:modified_time\" content=\"2021-08-27T13:10:07+00:00\" \/>\n<meta property=\"og:image\" content=\"https:\/\/faaircraftsales.com\/wp-content\/uploads\/2021\/08\/FA-Aircraft-Sales-Engine-Inlet-scaled.jpg\" \/>\n\t<meta property=\"og:image:width\" content=\"2560\" \/>\n\t<meta property=\"og:image:height\" content=\"1920\" \/>\n\t<meta property=\"og:image:type\" content=\"image\/jpeg\" \/>\n<meta name=\"twitter:card\" content=\"summary_large_image\" \/>\n<meta name=\"twitter:label1\" content=\"Est. reading time\" \/>\n\t<meta name=\"twitter:data1\" content=\"1 minute\" \/>\n<script type=\"application\/ld+json\" class=\"yoast-schema-graph\">{\"@context\":\"https:\\\/\\\/schema.org\",\"@graph\":[{\"@type\":\"WebPage\",\"@id\":\"https:\\\/\\\/faaircraftsales.com\\\/aircraft-management\\\/\",\"url\":\"https:\\\/\\\/faaircraftsales.com\\\/aircraft-management\\\/\",\"name\":\"\u00dcbergeben Sie Ihr Flugzeug-Management, L\u00f6sung f\u00fcr Flugzeugbesitzer!\",\"isPartOf\":{\"@id\":\"https:\\\/\\\/faaircraftsales.com\\\/#website\"},\"primaryImageOfPage\":{\"@id\":\"https:\\\/\\\/faaircraftsales.com\\\/aircraft-management\\\/#primaryimage\"},\"image\":{\"@id\":\"https:\\\/\\\/faaircraftsales.com\\\/aircraft-management\\\/#primaryimage\"},\"thumbnailUrl\":\"https:\\\/\\\/faaircraftsales.com\\\/wp-content\\\/uploads\\\/2021\\\/08\\\/FA-Aircraft-Sales-Engine-Inlet-scaled.jpg\",\"datePublished\":\"2020-11-19T23:00:00+00:00\",\"dateModified\":\"2021-08-27T13:10:07+00:00\",\"description\":\"Das Management kann eine gewaltige Aufgabe sein. Fly Aeolus \u00fcbernimmt die Verwaltung ihres Flugzeugs: Hier finden Sie alle M\u00f6glichkeiten!\",\"breadcrumb\":{\"@id\":\"https:\\\/\\\/faaircraftsales.com\\\/aircraft-management\\\/#breadcrumb\"},\"inLanguage\":\"de-DE\",\"potentialAction\":[{\"@type\":\"ReadAction\",\"target\":[\"https:\\\/\\\/faaircraftsales.com\\\/aircraft-management\\\/\"]}]},{\"@type\":\"ImageObject\",\"inLanguage\":\"de-DE\",\"@id\":\"https:\\\/\\\/faaircraftsales.com\\\/aircraft-management\\\/#primaryimage\",\"url\":\"https:\\\/\\\/faaircraftsales.com\\\/wp-content\\\/uploads\\\/2021\\\/08\\\/FA-Aircraft-Sales-Engine-Inlet-scaled.jpg\",\"contentUrl\":\"https:\\\/\\\/faaircraftsales.com\\\/wp-content\\\/uploads\\\/2021\\\/08\\\/FA-Aircraft-Sales-Engine-Inlet-scaled.jpg\",\"width\":2560,\"height\":1920},{\"@type\":\"BreadcrumbList\",\"@id\":\"https:\\\/\\\/faaircraftsales.com\\\/aircraft-management\\\/#breadcrumb\",\"itemListElement\":[{\"@type\":\"ListItem\",\"position\":1,\"name\":\"Home\",\"item\":\"https:\\\/\\\/faaircraftsales.com\\\/de\\\/\"},{\"@type\":\"ListItem\",\"position\":2,\"name\":\"Flugzeug Management\"}]},{\"@type\":\"WebSite\",\"@id\":\"https:\\\/\\\/faaircraftsales.com\\\/#website\",\"url\":\"https:\\\/\\\/faaircraftsales.com\\\/\",\"name\":\"Fly Aeolus\",\"description\":\"\",\"potentialAction\":[{\"@type\":\"SearchAction\",\"target\":{\"@type\":\"EntryPoint\",\"urlTemplate\":\"https:\\\/\\\/faaircraftsales.com\\\/?s={search_term_string}\"},\"query-input\":{\"@type\":\"PropertyValueSpecification\",\"valueRequired\":true,\"valueName\":\"search_term_string\"}}],\"inLanguage\":\"de-DE\"}]}<\/script>\n<!-- \/ Yoast SEO plugin. -->","yoast_head_json":{"title":"\u00dcbergeben Sie Ihr Flugzeug-Management, L\u00f6sung f\u00fcr Flugzeugbesitzer!","description":"Das Management kann eine gewaltige Aufgabe sein. Fly Aeolus \u00fcbernimmt die Verwaltung ihres Flugzeugs: Hier finden Sie alle M\u00f6glichkeiten!","robots":{"index":"index","follow":"follow","max-snippet":"max-snippet:-1","max-image-preview":"max-image-preview:large","max-video-preview":"max-video-preview:-1"},"canonical":"https:\/\/faaircraftsales.com\/aircraft-management\/","og_locale":"de_DE","og_type":"article","og_title":"\u00dcbergeben Sie Ihr Flugzeug-Management, L\u00f6sung f\u00fcr Flugzeugbesitzer!","og_description":"Das Management kann eine gewaltige Aufgabe sein. Fly Aeolus \u00fcbernimmt die Verwaltung ihres Flugzeugs: Hier finden Sie alle M\u00f6glichkeiten!","og_url":"https:\/\/faaircraftsales.com\/aircraft-management\/","og_site_name":"Fly Aeolus","article_modified_time":"2021-08-27T13:10:07+00:00","og_image":[{"width":2560,"height":1920,"url":"https:\/\/faaircraftsales.com\/wp-content\/uploads\/2021\/08\/FA-Aircraft-Sales-Engine-Inlet-scaled.jpg","type":"image\/jpeg"}],"twitter_card":"summary_large_image","twitter_misc":{"Est. reading time":"1 minute"},"schema":{"@context":"https:\/\/schema.org","@graph":[{"@type":"WebPage","@id":"https:\/\/faaircraftsales.com\/aircraft-management\/","url":"https:\/\/faaircraftsales.com\/aircraft-management\/","name":"\u00dcbergeben Sie Ihr Flugzeug-Management, L\u00f6sung f\u00fcr Flugzeugbesitzer!","isPartOf":{"@id":"https:\/\/faaircraftsales.com\/#website"},"primaryImageOfPage":{"@id":"https:\/\/faaircraftsales.com\/aircraft-management\/#primaryimage"},"image":{"@id":"https:\/\/faaircraftsales.com\/aircraft-management\/#primaryimage"},"thumbnailUrl":"https:\/\/faaircraftsales.com\/wp-content\/uploads\/2021\/08\/FA-Aircraft-Sales-Engine-Inlet-scaled.jpg","datePublished":"2020-11-19T23:00:00+00:00","dateModified":"2021-08-27T13:10:07+00:00","description":"Das Management kann eine gewaltige Aufgabe sein. Fly Aeolus \u00fcbernimmt die Verwaltung ihres Flugzeugs: Hier finden Sie alle M\u00f6glichkeiten!","breadcrumb":{"@id":"https:\/\/faaircraftsales.com\/aircraft-management\/#breadcrumb"},"inLanguage":"de-DE","potentialAction":[{"@type":"ReadAction","target":["https:\/\/faaircraftsales.com\/aircraft-management\/"]}]},{"@type":"ImageObject","inLanguage":"de-DE","@id":"https:\/\/faaircraftsales.com\/aircraft-management\/#primaryimage","url":"https:\/\/faaircraftsales.com\/wp-content\/uploads\/2021\/08\/FA-Aircraft-Sales-Engine-Inlet-scaled.jpg","contentUrl":"https:\/\/faaircraftsales.com\/wp-content\/uploads\/2021\/08\/FA-Aircraft-Sales-Engine-Inlet-scaled.jpg","width":2560,"height":1920},{"@type":"BreadcrumbList","@id":"https:\/\/faaircraftsales.com\/aircraft-management\/#breadcrumb","itemListElement":[{"@type":"ListItem","position":1,"name":"Home","item":"https:\/\/faaircraftsales.com\/de\/"},{"@type":"ListItem","position":2,"name":"Flugzeug Management"}]},{"@type":"WebSite","@id":"https:\/\/faaircraftsales.com\/#website","url":"https:\/\/faaircraftsales.com\/","name":"Fly Aeolus","description":"","potentialAction":[{"@type":"SearchAction","target":{"@type":"EntryPoint","urlTemplate":"https:\/\/faaircraftsales.com\/?s={search_term_string}"},"query-input":{"@type":"PropertyValueSpecification","valueRequired":true,"valueName":"search_term_string"}}],"inLanguage":"de-DE"}]}},"_links":{"self":[{"href":"https:\/\/faaircraftsales.com\/de\/wp-json\/wp\/v2\/pages\/251","targetHints":{"allow":["GET"]}}],"collection":[{"href":"https:\/\/faaircraftsales.com\/de\/wp-json\/wp\/v2\/pages"}],"about":[{"href":"https:\/\/faaircraftsales.com\/de\/wp-json\/wp\/v2\/types\/page"}],"author":[{"embeddable":true,"href":"https:\/\/faaircraftsales.com\/de\/wp-json\/wp\/v2\/users\/1"}],"replies":[{"embeddable":true,"href":"https:\/\/faaircraftsales.com\/de\/wp-json\/wp\/v2\/comments?post=251"}],"version-history":[{"count":0,"href":"https:\/\/faaircraftsales.com\/de\/wp-json\/wp\/v2\/pages\/251\/revisions"}],"wp:featuredmedia":[{"embeddable":true,"href":"https:\/\/faaircraftsales.com\/de\/wp-json\/wp\/v2\/media\/19843"}],"wp:attachment":[{"href":"https:\/\/faaircraftsales.com\/de\/wp-json\/wp\/v2\/media?parent=251"}],"curies":[{"name":"wp","href":"https:\/\/api.w.org\/{rel}","templated":true}]}}