{"id":23936,"date":"2026-03-23T11:23:29","date_gmt":"2026-03-23T10:23:29","guid":{"rendered":"https:\/\/faaircraftsales.com\/?page_id=23936"},"modified":"2026-03-31T14:45:46","modified_gmt":"2026-03-31T13:45:46","slug":"cirrus-flugzeug-cao","status":"publish","type":"page","link":"https:\/\/faaircraftsales.com\/de\/cirrus-flugzeug-cao\/","title":{"rendered":"Cirrus SR Aircraft CAO"},"content":{"rendered":"","protected":false},"excerpt":{"rendered":"","protected":false},"author":1,"featured_media":21717,"parent":0,"menu_order":0,"comment_status":"closed","ping_status":"closed","template":"template-cao.php","meta":{"_acf_changed":false,"footnotes":""},"class_list":["post-23936","page","type-page","status-publish","has-post-thumbnail","hentry"],"acf":[],"yoast_head":"<!-- This site is optimized with the Yoast SEO plugin v27.5 - https:\/\/yoast.com\/product\/yoast-seo-wordpress\/ -->\n<title>Unabh\u00e4ngige Cirrus SR-Serie CAO Betreuung | FA Aircraft Sales<\/title>\n<meta name=\"description\" content=\"Fliegen Sie entspannt. Unabh\u00e4ngige CAO f\u00fcr Cirrus SR20\/22\/T. Part ML &amp; ARC in Ihrem Interesse. Ab 75 \u20ac\/Monat. Jetzt Angebot anfordern!\" \/>\n<meta name=\"robots\" content=\"index, follow, max-snippet:-1, max-image-preview:large, max-video-preview:-1\" \/>\n<link rel=\"canonical\" href=\"https:\/\/faaircraftsales.com\/de\/cirrus-flugzeug-cao\/\" \/>\n<meta property=\"og:locale\" content=\"de_DE\" \/>\n<meta property=\"og:type\" content=\"article\" \/>\n<meta property=\"og:title\" content=\"Unabh\u00e4ngige Cirrus SR-Serie CAO Betreuung | FA Aircraft Sales\" \/>\n<meta property=\"og:description\" content=\"Fliegen Sie entspannt. Unabh\u00e4ngige CAO f\u00fcr Cirrus SR20\/22\/T. Part ML &amp; ARC in Ihrem Interesse. Ab 75 \u20ac\/Monat. Jetzt Angebot anfordern!\" \/>\n<meta property=\"og:url\" content=\"https:\/\/faaircraftsales.com\/de\/cirrus-flugzeug-cao\/\" \/>\n<meta property=\"og:site_name\" content=\"Fly Aeolus\" \/>\n<meta property=\"article:modified_time\" content=\"2026-03-31T13:45:46+00:00\" \/>\n<meta property=\"og:image\" content=\"https:\/\/faaircraftsales.com\/wp-content\/uploads\/2024\/06\/Cirrus-SR22-Pre-Purchase-Inspection.jpg\" \/>\n\t<meta property=\"og:image:width\" content=\"1600\" \/>\n\t<meta property=\"og:image:height\" content=\"1200\" \/>\n\t<meta property=\"og:image:type\" content=\"image\/jpeg\" \/>\n<meta name=\"twitter:card\" content=\"summary_large_image\" \/>\n<meta name=\"twitter:label1\" content=\"Est. reading time\" \/>\n\t<meta name=\"twitter:data1\" content=\"1 minute\" \/>\n<script type=\"application\/ld+json\" class=\"yoast-schema-graph\">{\"@context\":\"https:\\\/\\\/schema.org\",\"@graph\":[{\"@type\":\"WebPage\",\"@id\":\"https:\\\/\\\/faaircraftsales.com\\\/de\\\/cirrus-flugzeug-cao\\\/\",\"url\":\"https:\\\/\\\/faaircraftsales.com\\\/de\\\/cirrus-flugzeug-cao\\\/\",\"name\":\"Unabh\u00e4ngige Cirrus SR-Serie CAO Betreuung | FA Aircraft Sales\",\"isPartOf\":{\"@id\":\"https:\\\/\\\/faaircraftsales.com\\\/#website\"},\"primaryImageOfPage\":{\"@id\":\"https:\\\/\\\/faaircraftsales.com\\\/de\\\/cirrus-flugzeug-cao\\\/#primaryimage\"},\"image\":{\"@id\":\"https:\\\/\\\/faaircraftsales.com\\\/de\\\/cirrus-flugzeug-cao\\\/#primaryimage\"},\"thumbnailUrl\":\"https:\\\/\\\/faaircraftsales.com\\\/wp-content\\\/uploads\\\/2024\\\/06\\\/Cirrus-SR22-Pre-Purchase-Inspection.jpg\",\"datePublished\":\"2026-03-23T10:23:29+00:00\",\"dateModified\":\"2026-03-31T13:45:46+00:00\",\"description\":\"Fliegen Sie entspannt. Unabh\u00e4ngige CAO f\u00fcr Cirrus SR20\\\/22\\\/T. Part ML & ARC in Ihrem Interesse. Ab 75 \u20ac\\\/Monat. Jetzt Angebot anfordern!\",\"breadcrumb\":{\"@id\":\"https:\\\/\\\/faaircraftsales.com\\\/de\\\/cirrus-flugzeug-cao\\\/#breadcrumb\"},\"inLanguage\":\"de-DE\",\"potentialAction\":[{\"@type\":\"ReadAction\",\"target\":[\"https:\\\/\\\/faaircraftsales.com\\\/de\\\/cirrus-flugzeug-cao\\\/\"]}]},{\"@type\":\"ImageObject\",\"inLanguage\":\"de-DE\",\"@id\":\"https:\\\/\\\/faaircraftsales.com\\\/de\\\/cirrus-flugzeug-cao\\\/#primaryimage\",\"url\":\"https:\\\/\\\/faaircraftsales.com\\\/wp-content\\\/uploads\\\/2024\\\/06\\\/Cirrus-SR22-Pre-Purchase-Inspection.jpg\",\"contentUrl\":\"https:\\\/\\\/faaircraftsales.com\\\/wp-content\\\/uploads\\\/2024\\\/06\\\/Cirrus-SR22-Pre-Purchase-Inspection.jpg\",\"width\":1600,\"height\":1200,\"caption\":\"Cirrus SR22 Kauf\u00fcberpr\u00fcfung (Pre-Buy)\"},{\"@type\":\"BreadcrumbList\",\"@id\":\"https:\\\/\\\/faaircraftsales.com\\\/de\\\/cirrus-flugzeug-cao\\\/#breadcrumb\",\"itemListElement\":[{\"@type\":\"ListItem\",\"position\":1,\"name\":\"Home\",\"item\":\"https:\\\/\\\/faaircraftsales.com\\\/de\\\/\"},{\"@type\":\"ListItem\",\"position\":2,\"name\":\"Cirrus SR Aircraft CAO\"}]},{\"@type\":\"WebSite\",\"@id\":\"https:\\\/\\\/faaircraftsales.com\\\/#website\",\"url\":\"https:\\\/\\\/faaircraftsales.com\\\/\",\"name\":\"Fly Aeolus\",\"description\":\"\",\"potentialAction\":[{\"@type\":\"SearchAction\",\"target\":{\"@type\":\"EntryPoint\",\"urlTemplate\":\"https:\\\/\\\/faaircraftsales.com\\\/?s={search_term_string}\"},\"query-input\":{\"@type\":\"PropertyValueSpecification\",\"valueRequired\":true,\"valueName\":\"search_term_string\"}}],\"inLanguage\":\"de-DE\"}]}<\/script>\n<!-- \/ Yoast SEO plugin. -->","yoast_head_json":{"title":"Unabh\u00e4ngige Cirrus SR-Serie CAO Betreuung | FA Aircraft Sales","description":"Fliegen Sie entspannt. Unabh\u00e4ngige CAO f\u00fcr Cirrus SR20\/22\/T. Part ML & ARC in Ihrem Interesse. Ab 75 \u20ac\/Monat. Jetzt Angebot anfordern!","robots":{"index":"index","follow":"follow","max-snippet":"max-snippet:-1","max-image-preview":"max-image-preview:large","max-video-preview":"max-video-preview:-1"},"canonical":"https:\/\/faaircraftsales.com\/de\/cirrus-flugzeug-cao\/","og_locale":"de_DE","og_type":"article","og_title":"Unabh\u00e4ngige Cirrus SR-Serie CAO Betreuung | FA Aircraft Sales","og_description":"Fliegen Sie entspannt. Unabh\u00e4ngige CAO f\u00fcr Cirrus SR20\/22\/T. Part ML & ARC in Ihrem Interesse. Ab 75 \u20ac\/Monat. Jetzt Angebot anfordern!","og_url":"https:\/\/faaircraftsales.com\/de\/cirrus-flugzeug-cao\/","og_site_name":"Fly Aeolus","article_modified_time":"2026-03-31T13:45:46+00:00","og_image":[{"width":1600,"height":1200,"url":"https:\/\/faaircraftsales.com\/wp-content\/uploads\/2024\/06\/Cirrus-SR22-Pre-Purchase-Inspection.jpg","type":"image\/jpeg"}],"twitter_card":"summary_large_image","twitter_misc":{"Est. reading time":"1 minute"},"schema":{"@context":"https:\/\/schema.org","@graph":[{"@type":"WebPage","@id":"https:\/\/faaircraftsales.com\/de\/cirrus-flugzeug-cao\/","url":"https:\/\/faaircraftsales.com\/de\/cirrus-flugzeug-cao\/","name":"Unabh\u00e4ngige Cirrus SR-Serie CAO Betreuung | FA Aircraft Sales","isPartOf":{"@id":"https:\/\/faaircraftsales.com\/#website"},"primaryImageOfPage":{"@id":"https:\/\/faaircraftsales.com\/de\/cirrus-flugzeug-cao\/#primaryimage"},"image":{"@id":"https:\/\/faaircraftsales.com\/de\/cirrus-flugzeug-cao\/#primaryimage"},"thumbnailUrl":"https:\/\/faaircraftsales.com\/wp-content\/uploads\/2024\/06\/Cirrus-SR22-Pre-Purchase-Inspection.jpg","datePublished":"2026-03-23T10:23:29+00:00","dateModified":"2026-03-31T13:45:46+00:00","description":"Fliegen Sie entspannt. Unabh\u00e4ngige CAO f\u00fcr Cirrus SR20\/22\/T. Part ML & ARC in Ihrem Interesse. Ab 75 \u20ac\/Monat. Jetzt Angebot anfordern!","breadcrumb":{"@id":"https:\/\/faaircraftsales.com\/de\/cirrus-flugzeug-cao\/#breadcrumb"},"inLanguage":"de-DE","potentialAction":[{"@type":"ReadAction","target":["https:\/\/faaircraftsales.com\/de\/cirrus-flugzeug-cao\/"]}]},{"@type":"ImageObject","inLanguage":"de-DE","@id":"https:\/\/faaircraftsales.com\/de\/cirrus-flugzeug-cao\/#primaryimage","url":"https:\/\/faaircraftsales.com\/wp-content\/uploads\/2024\/06\/Cirrus-SR22-Pre-Purchase-Inspection.jpg","contentUrl":"https:\/\/faaircraftsales.com\/wp-content\/uploads\/2024\/06\/Cirrus-SR22-Pre-Purchase-Inspection.jpg","width":1600,"height":1200,"caption":"Cirrus SR22 Kauf\u00fcberpr\u00fcfung (Pre-Buy)"},{"@type":"BreadcrumbList","@id":"https:\/\/faaircraftsales.com\/de\/cirrus-flugzeug-cao\/#breadcrumb","itemListElement":[{"@type":"ListItem","position":1,"name":"Home","item":"https:\/\/faaircraftsales.com\/de\/"},{"@type":"ListItem","position":2,"name":"Cirrus SR Aircraft CAO"}]},{"@type":"WebSite","@id":"https:\/\/faaircraftsales.com\/#website","url":"https:\/\/faaircraftsales.com\/","name":"Fly Aeolus","description":"","potentialAction":[{"@type":"SearchAction","target":{"@type":"EntryPoint","urlTemplate":"https:\/\/faaircraftsales.com\/?s={search_term_string}"},"query-input":{"@type":"PropertyValueSpecification","valueRequired":true,"valueName":"search_term_string"}}],"inLanguage":"de-DE"}]}},"_links":{"self":[{"href":"https:\/\/faaircraftsales.com\/de\/wp-json\/wp\/v2\/pages\/23936","targetHints":{"allow":["GET"]}}],"collection":[{"href":"https:\/\/faaircraftsales.com\/de\/wp-json\/wp\/v2\/pages"}],"about":[{"href":"https:\/\/faaircraftsales.com\/de\/wp-json\/wp\/v2\/types\/page"}],"author":[{"embeddable":true,"href":"https:\/\/faaircraftsales.com\/de\/wp-json\/wp\/v2\/users\/1"}],"replies":[{"embeddable":true,"href":"https:\/\/faaircraftsales.com\/de\/wp-json\/wp\/v2\/comments?post=23936"}],"version-history":[{"count":25,"href":"https:\/\/faaircraftsales.com\/de\/wp-json\/wp\/v2\/pages\/23936\/revisions"}],"predecessor-version":[{"id":24384,"href":"https:\/\/faaircraftsales.com\/de\/wp-json\/wp\/v2\/pages\/23936\/revisions\/24384"}],"wp:featuredmedia":[{"embeddable":true,"href":"https:\/\/faaircraftsales.com\/de\/wp-json\/wp\/v2\/media\/21717"}],"wp:attachment":[{"href":"https:\/\/faaircraftsales.com\/de\/wp-json\/wp\/v2\/media?parent=23936"}],"curies":[{"name":"wp","href":"https:\/\/api.w.org\/{rel}","templated":true}]}}