{"id":228,"date":"2020-02-28T00:00:00","date_gmt":"2020-02-27T23:00:00","guid":{"rendered":"http:\/\/178.62.210.181\/akquisitionen\/"},"modified":"2022-04-26T15:02:50","modified_gmt":"2022-04-26T14:02:50","slug":"akquisitionen","status":"publish","type":"page","link":"https:\/\/faaircraftsales.com\/de\/akquisitionen\/","title":{"rendered":"Akquisitionen"},"content":{"rendered":"\n<p>Viele Menschen fragen sich selbst, \u201eSoll ich einfach ein Flugzeug selbst kaufen oder sollte ich einen Makler\/Partner ausw\u00e4hlen, der mich beim Kauf meines zuk\u00fcnftigen Flugzeugs ber\u00e4t und unterst\u00fctzt?\u201c Der Flugzeugkauf ist ein sehr detaillierter Prozess. Ein Flugzeugk\u00e4ufer muss sich nicht nur mit dem Flugzeug befassen, sondern auch mit den weltweiten Vorschriften und gesetzlichen Anforderungen je nach Land. <\/p>\n\n\n\n<p>FA Aircraft Sales &amp; Acquisitions hat ein Team mit den geforderten Erfahrungen und den n\u00f6tigen F\u00e4higkeiten, um den gesamten Prozess f\u00fcr Flugzeugk\u00e4ufer zu rationalisieren. Von der Auswahl \u00fcber die Budgetierung und Kostenerwartung bis hin zu Verhandlungen und dem Abschluss des besten Deals. Wir sind da, um Sie durch den gesamten Prozess zu f\u00fchren.<\/p>\n\n\n\n<h4 class=\"wp-block-heading\">Der Akquisitionsprozess:<\/h4>\n\n\n\n<ol class=\"wp-block-list\"><li>Durch die Analyse Ihres aktuellen Transportbedarfs k\u00f6nnen wir Ihnen mitteilen, welches Flugzeug am besten zu Ihren Bed\u00fcrfnissen passt. Wichtige Faktoren sind Reichweite, Sitzpl\u00e4tze, Einkaufsbudget und Betriebskosten.<\/li><li>Wir werden eine eingehende Marktforschung aller verf\u00fcgbaren Flugzeuge durchf\u00fchren, die Ihren Bed\u00fcrfnissen entspricht.<\/li><li>Wir erstellen eine kurze Liste der zu ber\u00fccksichtigenden Flugzeuge, einschlie\u00dflich einer \u00dcberpr\u00fcfung der anf\u00e4nglichen Flugzeugprotokolle, des Wartungs-Tracking-Blattes und anderer Dokumente, um eine voraussichtliche Analyse f\u00fcr die bevorstehende Wartung vorzubereiten.<\/li><li>Besprechung eine Strategie, die auf den bevorzugten Flugzeugen basiert.<\/li><li>Wir verhandeln mit dem Verk\u00e4ufer, im Namen des Kunden.<\/li><li>Fertigstellung einer Absichtserkl\u00e4rung (LOI) und Er\u00f6ffnen eines Treuhandkontos.<\/li><li>Organisation einer <a href=\"https:\/\/faaircraftsales.com\/de\/vorabkontrolle\/\" target=\"_blank\" rel=\"noreferrer noopener\">gr\u00fcndliche Vorabkontrolle<\/a> sowohl der Flugzeugdokumente als auch eine physische Inspektion des Flugzeugs.<\/li><li>Wir arbeiten die Logistik der Pre-Buy-Inspektion einschlie\u00dflich der gesch\u00e4tzten Kosten f\u00fcr alle Inspektionen\/Reparaturen, die vor der Lieferung erforderlich sind, aus.<\/li><li>Vorbereitung eines formellen Flugzeugkaufvertrages und Vorlage des Flugzeugkaufvertrages beim Verk\u00e4ufer nach Genehmigung durch den K\u00e4ufer.<\/li><li>\u00dcberwachung des Closings inkl. <a href=\"https:\/\/faaircraftsales.com\/de\/faehr-lieferfluege\/\" target=\"_blank\" rel=\"noreferrer noopener\">Abnahmeflug und Lieferung.<\/a><\/li><\/ol>\n\n\n\n<p>Sind Sie nun bereit, sich f\u00fcr Ihren Flugzeugkauf beraten zu lassen? Fly Aeolus steht Ihnen mit seiner Expertise zur Seite! Wenn Sie noch mehr an diesem Thema interessiert sind, dann lesen Sie in unserem Blog nach, <a href=\"https:\/\/faaircraftsales.com\/de\/warum-sollte-man-einen-flugzeugmakler-beauftragen\/\" target=\"_blank\" rel=\"noreferrer noopener\">welche Aufgaben ein Flugzeugmakler hat<\/a>.<\/p>\n","protected":false},"excerpt":{"rendered":"<p>Viele Menschen fragen sich selbst, \u201eSoll ich einfach ein Flugzeug selbst kaufen oder sollte ich einen Makler\/Partner ausw\u00e4hlen, der mich beim Kauf meines zuk\u00fcnftigen Flugzeugs ber\u00e4t und unterst\u00fctzt?\u201c Der Flugzeugkauf ist ein sehr detaillierter Prozess. Ein Flugzeugk\u00e4ufer muss sich nicht nur mit dem Flugzeug befassen, sondern auch mit den weltweiten Vorschriften und gesetzlichen Anforderungen je &hellip; <a href=\"https:\/\/faaircraftsales.com\/de\/akquisitionen\/\">Continued<\/a><\/p>\n","protected":false},"author":1,"featured_media":19882,"parent":0,"menu_order":0,"comment_status":"closed","ping_status":"closed","template":"template-as-acquisitions.php","meta":{"_acf_changed":false,"footnotes":""},"class_list":["post-228","page","type-page","status-publish","has-post-thumbnail","hentry"],"acf":[],"yoast_head":"<!-- This site is optimized with the Yoast SEO plugin v27.3 - https:\/\/yoast.com\/product\/yoast-seo-wordpress\/ -->\n<title>Akquisitionen - Fly Aeolus<\/title>\n<meta name=\"description\" content=\"Der Flugzeugkauf ist ein umfangreicher und detailreicher Prozess. Hier erfahren Sie, wie Fly Aeolus Sie dabei unterst\u00fctzen kann.\" \/>\n<meta name=\"robots\" content=\"index, follow, max-snippet:-1, max-image-preview:large, max-video-preview:-1\" \/>\n<link rel=\"canonical\" href=\"https:\/\/faaircraftsales.com\/buy-an-aircraft\/\" \/>\n<meta property=\"og:locale\" content=\"de_DE\" \/>\n<meta property=\"og:type\" content=\"article\" \/>\n<meta property=\"og:title\" content=\"Akquisitionen - Fly Aeolus\" \/>\n<meta property=\"og:description\" content=\"Der Flugzeugkauf ist ein umfangreicher und detailreicher Prozess. Hier erfahren Sie, wie Fly Aeolus Sie dabei unterst\u00fctzen kann.\" \/>\n<meta property=\"og:url\" content=\"https:\/\/faaircraftsales.com\/buy-an-aircraft\/\" \/>\n<meta property=\"og:site_name\" content=\"Fly Aeolus\" \/>\n<meta property=\"article:modified_time\" content=\"2022-04-26T14:02:50+00:00\" \/>\n<meta property=\"og:image\" content=\"https:\/\/faaircraftsales.com\/wp-content\/uploads\/2021\/08\/210812_038-scaled.jpg\" \/>\n\t<meta property=\"og:image:width\" content=\"2560\" \/>\n\t<meta property=\"og:image:height\" content=\"1707\" \/>\n\t<meta property=\"og:image:type\" content=\"image\/jpeg\" \/>\n<meta name=\"twitter:card\" content=\"summary_large_image\" \/>\n<meta name=\"twitter:label1\" content=\"Est. reading time\" \/>\n\t<meta name=\"twitter:data1\" content=\"2 minutes\" \/>\n<script type=\"application\/ld+json\" class=\"yoast-schema-graph\">{\"@context\":\"https:\\\/\\\/schema.org\",\"@graph\":[{\"@type\":\"WebPage\",\"@id\":\"https:\\\/\\\/faaircraftsales.com\\\/buy-an-aircraft\\\/\",\"url\":\"https:\\\/\\\/faaircraftsales.com\\\/buy-an-aircraft\\\/\",\"name\":\"Akquisitionen - Fly Aeolus\",\"isPartOf\":{\"@id\":\"https:\\\/\\\/faaircraftsales.com\\\/#website\"},\"primaryImageOfPage\":{\"@id\":\"https:\\\/\\\/faaircraftsales.com\\\/buy-an-aircraft\\\/#primaryimage\"},\"image\":{\"@id\":\"https:\\\/\\\/faaircraftsales.com\\\/buy-an-aircraft\\\/#primaryimage\"},\"thumbnailUrl\":\"https:\\\/\\\/faaircraftsales.com\\\/wp-content\\\/uploads\\\/2021\\\/08\\\/210812_038-scaled.jpg\",\"datePublished\":\"2020-02-27T23:00:00+00:00\",\"dateModified\":\"2022-04-26T14:02:50+00:00\",\"description\":\"Der Flugzeugkauf ist ein umfangreicher und detailreicher Prozess. Hier erfahren Sie, wie Fly Aeolus Sie dabei unterst\u00fctzen kann.\",\"breadcrumb\":{\"@id\":\"https:\\\/\\\/faaircraftsales.com\\\/buy-an-aircraft\\\/#breadcrumb\"},\"inLanguage\":\"de-DE\",\"potentialAction\":[{\"@type\":\"ReadAction\",\"target\":[\"https:\\\/\\\/faaircraftsales.com\\\/buy-an-aircraft\\\/\"]}]},{\"@type\":\"ImageObject\",\"inLanguage\":\"de-DE\",\"@id\":\"https:\\\/\\\/faaircraftsales.com\\\/buy-an-aircraft\\\/#primaryimage\",\"url\":\"https:\\\/\\\/faaircraftsales.com\\\/wp-content\\\/uploads\\\/2021\\\/08\\\/210812_038-scaled.jpg\",\"contentUrl\":\"https:\\\/\\\/faaircraftsales.com\\\/wp-content\\\/uploads\\\/2021\\\/08\\\/210812_038-scaled.jpg\",\"width\":2560,\"height\":1707,\"caption\":\"Grenchen LSZG 12.8.2021 - CESSNA Malibu D-EOPG\"},{\"@type\":\"BreadcrumbList\",\"@id\":\"https:\\\/\\\/faaircraftsales.com\\\/buy-an-aircraft\\\/#breadcrumb\",\"itemListElement\":[{\"@type\":\"ListItem\",\"position\":1,\"name\":\"Home\",\"item\":\"https:\\\/\\\/faaircraftsales.com\\\/de\\\/\"},{\"@type\":\"ListItem\",\"position\":2,\"name\":\"Akquisitionen\"}]},{\"@type\":\"WebSite\",\"@id\":\"https:\\\/\\\/faaircraftsales.com\\\/#website\",\"url\":\"https:\\\/\\\/faaircraftsales.com\\\/\",\"name\":\"Fly Aeolus\",\"description\":\"\",\"potentialAction\":[{\"@type\":\"SearchAction\",\"target\":{\"@type\":\"EntryPoint\",\"urlTemplate\":\"https:\\\/\\\/faaircraftsales.com\\\/?s={search_term_string}\"},\"query-input\":{\"@type\":\"PropertyValueSpecification\",\"valueRequired\":true,\"valueName\":\"search_term_string\"}}],\"inLanguage\":\"de-DE\"}]}<\/script>\n<!-- \/ Yoast SEO plugin. -->","yoast_head_json":{"title":"Akquisitionen - Fly Aeolus","description":"Der Flugzeugkauf ist ein umfangreicher und detailreicher Prozess. Hier erfahren Sie, wie Fly Aeolus Sie dabei unterst\u00fctzen kann.","robots":{"index":"index","follow":"follow","max-snippet":"max-snippet:-1","max-image-preview":"max-image-preview:large","max-video-preview":"max-video-preview:-1"},"canonical":"https:\/\/faaircraftsales.com\/buy-an-aircraft\/","og_locale":"de_DE","og_type":"article","og_title":"Akquisitionen - Fly Aeolus","og_description":"Der Flugzeugkauf ist ein umfangreicher und detailreicher Prozess. Hier erfahren Sie, wie Fly Aeolus Sie dabei unterst\u00fctzen kann.","og_url":"https:\/\/faaircraftsales.com\/buy-an-aircraft\/","og_site_name":"Fly Aeolus","article_modified_time":"2022-04-26T14:02:50+00:00","og_image":[{"width":2560,"height":1707,"url":"https:\/\/faaircraftsales.com\/wp-content\/uploads\/2021\/08\/210812_038-scaled.jpg","type":"image\/jpeg"}],"twitter_card":"summary_large_image","twitter_misc":{"Est. reading time":"2 minutes"},"schema":{"@context":"https:\/\/schema.org","@graph":[{"@type":"WebPage","@id":"https:\/\/faaircraftsales.com\/buy-an-aircraft\/","url":"https:\/\/faaircraftsales.com\/buy-an-aircraft\/","name":"Akquisitionen - Fly Aeolus","isPartOf":{"@id":"https:\/\/faaircraftsales.com\/#website"},"primaryImageOfPage":{"@id":"https:\/\/faaircraftsales.com\/buy-an-aircraft\/#primaryimage"},"image":{"@id":"https:\/\/faaircraftsales.com\/buy-an-aircraft\/#primaryimage"},"thumbnailUrl":"https:\/\/faaircraftsales.com\/wp-content\/uploads\/2021\/08\/210812_038-scaled.jpg","datePublished":"2020-02-27T23:00:00+00:00","dateModified":"2022-04-26T14:02:50+00:00","description":"Der Flugzeugkauf ist ein umfangreicher und detailreicher Prozess. Hier erfahren Sie, wie Fly Aeolus Sie dabei unterst\u00fctzen kann.","breadcrumb":{"@id":"https:\/\/faaircraftsales.com\/buy-an-aircraft\/#breadcrumb"},"inLanguage":"de-DE","potentialAction":[{"@type":"ReadAction","target":["https:\/\/faaircraftsales.com\/buy-an-aircraft\/"]}]},{"@type":"ImageObject","inLanguage":"de-DE","@id":"https:\/\/faaircraftsales.com\/buy-an-aircraft\/#primaryimage","url":"https:\/\/faaircraftsales.com\/wp-content\/uploads\/2021\/08\/210812_038-scaled.jpg","contentUrl":"https:\/\/faaircraftsales.com\/wp-content\/uploads\/2021\/08\/210812_038-scaled.jpg","width":2560,"height":1707,"caption":"Grenchen LSZG 12.8.2021 - CESSNA Malibu D-EOPG"},{"@type":"BreadcrumbList","@id":"https:\/\/faaircraftsales.com\/buy-an-aircraft\/#breadcrumb","itemListElement":[{"@type":"ListItem","position":1,"name":"Home","item":"https:\/\/faaircraftsales.com\/de\/"},{"@type":"ListItem","position":2,"name":"Akquisitionen"}]},{"@type":"WebSite","@id":"https:\/\/faaircraftsales.com\/#website","url":"https:\/\/faaircraftsales.com\/","name":"Fly Aeolus","description":"","potentialAction":[{"@type":"SearchAction","target":{"@type":"EntryPoint","urlTemplate":"https:\/\/faaircraftsales.com\/?s={search_term_string}"},"query-input":{"@type":"PropertyValueSpecification","valueRequired":true,"valueName":"search_term_string"}}],"inLanguage":"de-DE"}]}},"_links":{"self":[{"href":"https:\/\/faaircraftsales.com\/de\/wp-json\/wp\/v2\/pages\/228","targetHints":{"allow":["GET"]}}],"collection":[{"href":"https:\/\/faaircraftsales.com\/de\/wp-json\/wp\/v2\/pages"}],"about":[{"href":"https:\/\/faaircraftsales.com\/de\/wp-json\/wp\/v2\/types\/page"}],"author":[{"embeddable":true,"href":"https:\/\/faaircraftsales.com\/de\/wp-json\/wp\/v2\/users\/1"}],"replies":[{"embeddable":true,"href":"https:\/\/faaircraftsales.com\/de\/wp-json\/wp\/v2\/comments?post=228"}],"version-history":[{"count":0,"href":"https:\/\/faaircraftsales.com\/de\/wp-json\/wp\/v2\/pages\/228\/revisions"}],"wp:featuredmedia":[{"embeddable":true,"href":"https:\/\/faaircraftsales.com\/de\/wp-json\/wp\/v2\/media\/19882"}],"wp:attachment":[{"href":"https:\/\/faaircraftsales.com\/de\/wp-json\/wp\/v2\/media?parent=228"}],"curies":[{"name":"wp","href":"https:\/\/api.w.org\/{rel}","templated":true}]}}